{"id":10136,"date":"2021-08-02T11:29:38","date_gmt":"2021-08-02T11:29:38","guid":{"rendered":"http:\/\/oygib.az\/turkiyedestek\/?page_id=10136"},"modified":"2021-09-02T13:02:05","modified_gmt":"2021-09-02T13:02:05","slug":"iane","status":"publish","type":"page","link":"https:\/\/oygib.az\/tabiat\/iane\/","title":{"rendered":"\u0130an\u0259 Et"},"content":{"rendered":"\t\t<div data-elementor-type=\"wp-page\" data-elementor-id=\"10136\" class=\"elementor elementor-10136\" data-elementor-settings=\"[]\">\n\t\t\t\t\t\t\t<div class=\"elementor-section-wrap\">\n\t\t\t\t\t\t\t<section class=\"elementor-section elementor-top-section elementor-element elementor-element-91d19c4 elementor-section-boxed elementor-section-height-default elementor-section-height-default\" data-id=\"91d19c4\" data-element_type=\"section\">\n\t\t\t\t\t\t<div class=\"elementor-container elementor-column-gap-default\">\n\t\t\t\t\t<div class=\"elementor-column elementor-col-100 elementor-top-column elementor-element elementor-element-b5eaba7\" data-id=\"b5eaba7\" data-element_type=\"column\">\n\t\t\t<div class=\"elementor-widget-wrap elementor-element-populated\">\n\t\t\t\t\t\t\t\t<div class=\"elementor-element elementor-element-5e6c10f elementor-widget elementor-widget-heading\" data-id=\"5e6c10f\" data-element_type=\"widget\" data-widget_type=\"heading.default\">\n\t\t\t\t<div class=\"elementor-widget-container\">\n\t\t\t<h2 class=\"elementor-heading-title elementor-size-default\">Hesab M\u0259lumatlar\u0131:<\/h2>\t\t<\/div>\n\t\t\t\t<\/div>\n\t\t\t\t\t<\/div>\n\t\t<\/div>\n\t\t\t\t\t\t\t<\/div>\n\t\t<\/section>\n\t\t\t\t<section class=\"elementor-section elementor-top-section elementor-element elementor-element-02a0a43 elementor-section-boxed elementor-section-height-default elementor-section-height-default\" data-id=\"02a0a43\" data-element_type=\"section\">\n\t\t\t\t\t\t<div class=\"elementor-container elementor-column-gap-default\">\n\t\t\t\t\t<div class=\"elementor-column elementor-col-100 elementor-top-column elementor-element elementor-element-6f6c8c7\" data-id=\"6f6c8c7\" data-element_type=\"column\">\n\t\t\t<div class=\"elementor-widget-wrap elementor-element-populated\">\n\t\t\t\t\t\t\t\t<div class=\"elementor-element elementor-element-7878a8a elementor-widget-divider--view-line elementor-widget elementor-widget-divider\" data-id=\"7878a8a\" data-element_type=\"widget\" data-widget_type=\"divider.default\">\n\t\t\t\t<div class=\"elementor-widget-container\">\n\t\t\t\t\t<div class=\"elementor-divider\">\n\t\t\t<span class=\"elementor-divider-separator\">\n\t\t\t\t\t\t<\/span>\n\t\t<\/div>\n\t\t\t\t<\/div>\n\t\t\t\t<\/div>\n\t\t\t\t<div class=\"elementor-element elementor-element-d3c3a4d elementor-widget elementor-widget-text-editor\" data-id=\"d3c3a4d\" data-element_type=\"widget\" data-widget_type=\"text-editor.default\">\n\t\t\t\t<div class=\"elementor-widget-container\">\n\t\t\t\t\t\t\t\t<p><span style=\"color: #008000;\"><strong><em>Milli\u00d6N v\u0259 ya E-manat \u00f6d\u0259m\u0259 qur\u011fular\u0131 il\u0259 ian\u0259 etm\u0259k \u00fc\u00e7\u00fcn:<\/em><\/strong><\/span><\/p><p>Bank \u00f6d\u0259ni\u015fl\u0259ri -&gt; Kapital Bank -&gt; Kart hesab\u0131n\u0131n art\u0131r\u0131lmas\u0131<\/p><p>Kart n\u00f6mr\u0259si: <strong>4169 7385 0733 8618<\/strong><\/p><p>Ad,soyad: <strong>Nigar Alasgarova\u00a0<\/strong><\/p><p><span style=\"color: #008000;\"><strong><em>Card to Card vasit\u0259si il\u0259 hesaba m\u0259daxil etm\u0259k \u00fc\u00e7\u00fcn:<\/em><\/strong><\/span><\/p><p>Ad,soyad: <strong>Nigar Alasgarova<\/strong><\/p><p>Kart n\u00f6mr\u0259si: <strong>4169 7385 0733 8618<\/strong><\/p><p>Son istifad\u0259 tarixi: <strong>08\/24<\/strong><\/p>\t\t\t\t\t\t<\/div>\n\t\t\t\t<\/div>\n\t\t\t\t<div class=\"elementor-element elementor-element-c384bea elementor-widget-divider--view-line elementor-widget elementor-widget-divider\" data-id=\"c384bea\" data-element_type=\"widget\" data-widget_type=\"divider.default\">\n\t\t\t\t<div class=\"elementor-widget-container\">\n\t\t\t\t\t<div class=\"elementor-divider\">\n\t\t\t<span class=\"elementor-divider-separator\">\n\t\t\t\t\t\t<\/span>\n\t\t<\/div>\n\t\t\t\t<\/div>\n\t\t\t\t<\/div>\n\t\t\t\t<div class=\"elementor-element elementor-element-9ee5ad6 elementor-widget elementor-widget-text-editor\" data-id=\"9ee5ad6\" data-element_type=\"widget\" data-widget_type=\"text-editor.default\">\n\t\t\t\t<div class=\"elementor-widget-container\">\n\t\t\t\t\t\t\t\t<p><span style=\"color: #0000ff;\"><strong>TAB\u0130AT H\u0259r\u0259kat\u0131na d\u0259st\u0259k oldu\u011funuz \u00fc\u00e7\u00fcn Siz\u0259 t\u0259\u015f\u0259kk\u00fcr edirik!<\/strong><\/span><\/p><p><span style=\"color: #008000;\"><strong>\u0130an\u0259 etdikd\u0259n sonra \u0259ld\u0259 etdiyiniz t\u0259\u015f\u0259kk\u00fcrnam\u0259l\u0259rinizi sosial media hesablar\u0131n\u0131zda payla\u015faraq, dig\u0259r \u015f\u0259xsl\u0259ri d\u0259 h\u0259r\u0259kata qo\u015fulma\u011fa d\u0259v\u0259t etm\u0259yinizi xahi\u015f edirik.<\/strong><\/span><\/p><p>\t\t<div class=\"ss-ctt-wrapper ss-ctt-style-5\" data-ss-post-id=\"10136\" data-nonce=\"a3a817172c\">\n\t\t\t\n\t\t\t<a href=\"https:\/\/twitter.com\/intent\/tweet?text=M%C9%99n+TAB%C4%B0AT+layih%C9%99sin%C9%99+qat%C4%B1laraq+qarda%C5%9F+T%C3%BCrkiy%C9%99nin+yenid%C9%99n+ya%C5%9F%C4%B1lla%C5%9Fd%C4%B1r%C4%B1lmas%C4%B1na+d%C9%99st%C9%99k+oldum.+S%C6%8FNi+d%C9%99+bu+h%C9%99r%C9%99kata+qo%C5%9Fulma%C4%9Fa+d%C9%99v%C9%99t+edir%C9%99m.+%23TAB%C4%B0AT+%23CanTurkiye+%23StrongT%C3%BCrkiye+%23oygib2021&#038;url=https%3A%2F%2Foygib.az%2Ftabiat%2Fwp-json%2Fwp%2Fv2%2Fpages%2F10136&#038;related=odlaryurduyouth%3AM%C9%99n+TAB%C4%B0AT+layih%C9%99sin%C9%99+qat%C4%B1laraq+qarda%C5%9F+T%C3%BCrkiy%C9%99nin+yenid%C9%99n+ya%C5%9F%C4%B1lland%C4%B1r%C4%B1lmas%C4%B1na+d%C9%99st%C9%99k+oldum.+S%C6%8FNi+d%C9%99+bu+h%C9%99r%C9%99kata+qo%C5%9Fulma%C4%9Fa+d%C9%99v%C9%99t+edir%C9%99m.%2Codlaryurduyouth%3AM%C9%99n+TAB%C4%B0AT+layih%C9%99sin%C9%99+qat%C4%B1laraq+qarda%C5%9F+T%C3%BCrkiy%C9%99nin+yenid%C9%99n+ya%C5%9F%C4%B1lland%C4%B1r%C4%B1lmas%C4%B1na+d%C9%99st%C9%99k+oldum.+S%C6%8FNi+d%C9%99+bu+h%C9%99r%C9%99kata+qo%C5%9Fulma%C4%9Fa+d%C9%99v%C9%99t+edir%C9%99m.\" class=\"ss-ctt-tweet\" data-title=\"Click to Tweet\" rel=\"nofollow noopener\" target=\"_blank\">Daha rahat payla\u015fmaq \u00fc\u00e7\u00fcn bura klikl\u0259y\u0259 bil\u0259rsiniz.<\/a>\n\n\t\t\t<a href=\"https:\/\/twitter.com\/intent\/tweet?text=M%C9%99n+TAB%C4%B0AT+layih%C9%99sin%C9%99+qat%C4%B1laraq+qarda%C5%9F+T%C3%BCrkiy%C9%99nin+yenid%C9%99n+ya%C5%9F%C4%B1lla%C5%9Fd%C4%B1r%C4%B1lmas%C4%B1na+d%C9%99st%C9%99k+oldum.+S%C6%8FNi+d%C9%99+bu+h%C9%99r%C9%99kata+qo%C5%9Fulma%C4%9Fa+d%C9%99v%C9%99t+edir%C9%99m.+%23TAB%C4%B0AT+%23CanTurkiye+%23StrongT%C3%BCrkiye+%23oygib2021&#038;url=https%3A%2F%2Foygib.az%2Ftabiat%2Fwp-json%2Fwp%2Fv2%2Fpages%2F10136&#038;related=odlaryurduyouth%3AM%C9%99n+TAB%C4%B0AT+layih%C9%99sin%C9%99+qat%C4%B1laraq+qarda%C5%9F+T%C3%BCrkiy%C9%99nin+yenid%C9%99n+ya%C5%9F%C4%B1lland%C4%B1r%C4%B1lmas%C4%B1na+d%C9%99st%C9%99k+oldum.+S%C6%8FNi+d%C9%99+bu+h%C9%99r%C9%99kata+qo%C5%9Fulma%C4%9Fa+d%C9%99v%C9%99t+edir%C9%99m.%2Codlaryurduyouth%3AM%C9%99n+TAB%C4%B0AT+layih%C9%99sin%C9%99+qat%C4%B1laraq+qarda%C5%9F+T%C3%BCrkiy%C9%99nin+yenid%C9%99n+ya%C5%9F%C4%B1lland%C4%B1r%C4%B1lmas%C4%B1na+d%C9%99st%C9%99k+oldum.+S%C6%8FNi+d%C9%99+bu+h%C9%99r%C9%99kata+qo%C5%9Fulma%C4%9Fa+d%C9%99v%C9%99t+edir%C9%99m.\" class=\"ss-ctt-link\" data-title=\"Click to Tweet\" rel=\"nofollow noopener\" target=\"_blank\">\n\t\t\t\t<span>Click to Tweet<\/span>\n\t\t\t\t<i class=\"ss ss-twitter\"><\/i>\n\t\t\t<\/a>\n\n\t\t<\/div><!-- END .ss-ctt-wrapper -->\n\n\t\t<\/p><p><strong>T\u0259\u015f\u0259kk\u00fcrnam\u0259 \u0259ld\u0259 etm\u0259k \u00fc\u00e7\u00fcn ian\u0259 etdiyinizi \u0259ks etdir\u0259n q\u0259bzl\u0259rinizi ad v\u0259 soyad\u0131n\u0131zla birlikd\u0259 +994 50 466 36 22 -\u201cWhatsapp\u201d n\u00f6mr\u0259sin\u0259, info@oygib.az e-mail \u00fcnvan\u0131na v\u0259 ya TAB\u0130AT h\u0259r\u0259kat\u0131 \u201cTelegram\u201d qrupuna g\u00f6nd\u0259rm\u0259yinizi xahi\u015f edirik!<\/strong><\/p><p><strong>H\u0259r\u0259kat \u00e7\u0259r\u00e7iv\u0259sind\u0259 sal\u0131nacaq me\u015f\u0259 zola\u011f\u0131nda Sizin say\u0259nizd\u0259 fidanlar boy atacaq.<\/strong><\/p>\t\t\t\t\t\t<\/div>\n\t\t\t\t<\/div>\n\t\t\t\t<div class=\"elementor-element elementor-element-484d5aa elementor-share-buttons--align-center elementor-share-buttons--view-icon-text elementor-share-buttons--skin-gradient elementor-share-buttons--shape-square elementor-grid-0 elementor-share-buttons--color-official elementor-widget elementor-widget-share-buttons\" data-id=\"484d5aa\" data-element_type=\"widget\" data-widget_type=\"share-buttons.default\">\n\t\t\t\t<div class=\"elementor-widget-container\">\n\t\t\t\t\t<div class=\"elementor-grid\">\n\t\t\t\t\t\t\t\t<div class=\"elementor-grid-item\">\n\t\t\t\t\t\t<div class=\"elementor-share-btn elementor-share-btn_facebook\">\n\t\t\t\t\t\t\t\t\t\t\t\t\t\t\t<span class=\"elementor-share-btn__icon\">\n\t\t\t\t\t\t\t\t<i class=\"fab fa-facebook\" aria-hidden=\"true\"><\/i>\t\t\t\t\t\t\t\t<span\n\t\t\t\t\t\t\t\t\tclass=\"elementor-screen-only\">Share on facebook<\/span>\n\t\t\t\t\t\t\t<\/span>\n\t\t\t\t\t\t\t\t\t\t\t\t\t\t\t\t\t\t\t\t\t\t<div class=\"elementor-share-btn__text\">\n\t\t\t\t\t\t\t\t\t\t\t\t\t\t\t\t\t\t\t<span class=\"elementor-share-btn__title\">\n\t\t\t\t\t\t\t\t\t\tFacebook\t\t\t\t\t\t\t\t\t<\/span>\n\t\t\t\t\t\t\t\t\t\t\t\t\t\t\t\t\t<\/div>\n\t\t\t\t\t\t\t\t\t\t\t\t\t<\/div>\n\t\t\t\t\t<\/div>\n\t\t\t\t\t\t\t\t\t<div class=\"elementor-grid-item\">\n\t\t\t\t\t\t<div class=\"elementor-share-btn elementor-share-btn_twitter\">\n\t\t\t\t\t\t\t\t\t\t\t\t\t\t\t<span class=\"elementor-share-btn__icon\">\n\t\t\t\t\t\t\t\t<i class=\"fab fa-twitter\" aria-hidden=\"true\"><\/i>\t\t\t\t\t\t\t\t<span\n\t\t\t\t\t\t\t\t\tclass=\"elementor-screen-only\">Share on twitter<\/span>\n\t\t\t\t\t\t\t<\/span>\n\t\t\t\t\t\t\t\t\t\t\t\t\t\t\t\t\t\t\t\t\t\t<div class=\"elementor-share-btn__text\">\n\t\t\t\t\t\t\t\t\t\t\t\t\t\t\t\t\t\t\t<span class=\"elementor-share-btn__title\">\n\t\t\t\t\t\t\t\t\t\tTwitter\t\t\t\t\t\t\t\t\t<\/span>\n\t\t\t\t\t\t\t\t\t\t\t\t\t\t\t\t\t<\/div>\n\t\t\t\t\t\t\t\t\t\t\t\t\t<\/div>\n\t\t\t\t\t<\/div>\n\t\t\t\t\t\t\t\t\t<div class=\"elementor-grid-item\">\n\t\t\t\t\t\t<div class=\"elementor-share-btn elementor-share-btn_linkedin\">\n\t\t\t\t\t\t\t\t\t\t\t\t\t\t\t<span class=\"elementor-share-btn__icon\">\n\t\t\t\t\t\t\t\t<i class=\"fab fa-linkedin\" aria-hidden=\"true\"><\/i>\t\t\t\t\t\t\t\t<span\n\t\t\t\t\t\t\t\t\tclass=\"elementor-screen-only\">Share on linkedin<\/span>\n\t\t\t\t\t\t\t<\/span>\n\t\t\t\t\t\t\t\t\t\t\t\t\t\t\t\t\t\t\t\t\t\t<div class=\"elementor-share-btn__text\">\n\t\t\t\t\t\t\t\t\t\t\t\t\t\t\t\t\t\t\t<span class=\"elementor-share-btn__title\">\n\t\t\t\t\t\t\t\t\t\tLinkedIn\t\t\t\t\t\t\t\t\t<\/span>\n\t\t\t\t\t\t\t\t\t\t\t\t\t\t\t\t\t<\/div>\n\t\t\t\t\t\t\t\t\t\t\t\t\t<\/div>\n\t\t\t\t\t<\/div>\n\t\t\t\t\t\t<\/div>\n\t\t\t\t<\/div>\n\t\t\t\t<\/div>\n\t\t\t\t\t<\/div>\n\t\t<\/div>\n\t\t\t\t\t\t\t<\/div>\n\t\t<\/section>\n\t\t\t\t\t\t<\/div>\n\t\t\t\t\t<\/div>\n\t\t<img src=\"https:\/\/oygib.az\/tabiat\/wp-content\/uploads\/2021\/08\/photo5208807290457666677.jpg\" class=\"ss-hidden-pin-image\" alt=\"\" data-pin-url=\"https:\/\/oygib.az\/tabiat\/iane\/\" data-pin-media=\"https:\/\/oygib.az\/tabiat\/wp-content\/uploads\/2021\/08\/photo5208807290457666677.jpg\" data-pin-description=\"\u0130an\u0259 Et\"\/>","protected":false},"excerpt":{"rendered":"<p>Hesab M\u0259lumatlar\u0131: Milli\u00d6N v\u0259 ya E-manat \u00f6d\u0259m\u0259 qur\u011fular\u0131 il\u0259 ian\u0259 etm\u0259k \u00fc\u00e7\u00fcn: Bank \u00f6d\u0259ni\u015fl\u0259ri -&gt; Kapital Bank -&gt; Kart hesab\u0131n\u0131n art\u0131r\u0131lmas\u0131 Kart n\u00f6mr\u0259si: 4169 7385 0733 8618 Ad,soyad: Nigar Alasgarova\u00a0 Card to Card vasit\u0259si il\u0259 hesaba m\u0259daxil etm\u0259k \u00fc\u00e7\u00fcn: Ad,soyad: Nigar Alasgarova Kart n\u00f6mr\u0259si: 4169 7385 0733 8618 Son istifad\u0259 tarixi: 08\/24 TAB\u0130AT H\u0259r\u0259kat\u0131na d\u0259st\u0259k &#8230;<\/p>\n<img src=\"https:\/\/oygib.az\/tabiat\/wp-content\/uploads\/2021\/08\/photo5208807290457666677.jpg\" class=\"ss-hidden-pin-image\" alt=\"\" data-pin-url=\"https:\/\/oygib.az\/tabiat\/iane\/\" data-pin-media=\"https:\/\/oygib.az\/tabiat\/wp-content\/uploads\/2021\/08\/photo5208807290457666677.jpg\" data-pin-description=\"\u0130an\u0259 Et\"\/>","protected":false},"author":1,"featured_media":10387,"parent":0,"menu_order":0,"comment_status":"closed","ping_status":"closed","template":"","meta":[],"yoast_head":"<!-- This site is optimized with the Yoast SEO plugin v17.4 - https:\/\/yoast.com\/wordpress\/plugins\/seo\/ -->\n<title>\u0130an\u0259 Et - T\u00fcrkiy\u0259 Az\u0259rbaycan Birliyinin \u0130nki\u015faf\u0131 Ad\u0131na A\u011fac\u0259km\u0259 T\u0259\u015f\u0259bb\u00fcs\u00fc H\u0259r\u0259kat\u0131<\/title>\n<meta name=\"robots\" content=\"index, follow, max-snippet:-1, max-image-preview:large, max-video-preview:-1\" \/>\n<link rel=\"canonical\" href=\"https:\/\/oygib.az\/tabiat\/iane\/\" \/>\n<meta property=\"og:locale\" content=\"en_US\" \/>\n<meta property=\"og:type\" content=\"article\" \/>\n<meta property=\"og:title\" content=\"\u0130an\u0259 Et - T\u00fcrkiy\u0259 Az\u0259rbaycan Birliyinin \u0130nki\u015faf\u0131 Ad\u0131na A\u011fac\u0259km\u0259 T\u0259\u015f\u0259bb\u00fcs\u00fc H\u0259r\u0259kat\u0131\" \/>\n<meta property=\"og:description\" content=\"Hesab M\u0259lumatlar\u0131: Milli\u00d6N v\u0259 ya E-manat \u00f6d\u0259m\u0259 qur\u011fular\u0131 il\u0259 ian\u0259 etm\u0259k \u00fc\u00e7\u00fcn: Bank \u00f6d\u0259ni\u015fl\u0259ri -&gt; Kapital Bank -&gt; Kart hesab\u0131n\u0131n art\u0131r\u0131lmas\u0131 Kart n\u00f6mr\u0259si: 4169 7385 0733 8618 Ad,soyad: Nigar Alasgarova\u00a0 Card to Card vasit\u0259si il\u0259 hesaba m\u0259daxil etm\u0259k \u00fc\u00e7\u00fcn: Ad,soyad: Nigar Alasgarova Kart n\u00f6mr\u0259si: 4169 7385 0733 8618 Son istifad\u0259 tarixi: 08\/24 TAB\u0130AT H\u0259r\u0259kat\u0131na d\u0259st\u0259k ...\" \/>\n<meta property=\"og:url\" content=\"https:\/\/oygib.az\/tabiat\/iane\/\" \/>\n<meta property=\"og:site_name\" content=\"T\u00fcrkiy\u0259 Az\u0259rbaycan Birliyinin \u0130nki\u015faf\u0131 Ad\u0131na A\u011fac\u0259km\u0259 T\u0259\u015f\u0259bb\u00fcs\u00fc H\u0259r\u0259kat\u0131\" \/>\n<meta property=\"article:publisher\" content=\"https:\/\/www.facebook.com\/odlaryurduyouth\" \/>\n<meta property=\"article:modified_time\" content=\"2021-09-02T13:02:05+00:00\" \/>\n<meta property=\"og:image\" content=\"https:\/\/oygib.az\/tabiat\/wp-content\/uploads\/2021\/08\/photo5208807290457666677.jpg\" \/>\n\t<meta property=\"og:image:width\" content=\"1280\" \/>\n\t<meta property=\"og:image:height\" content=\"1280\" \/>\n<meta name=\"twitter:card\" content=\"summary_large_image\" \/>\n<meta name=\"twitter:label1\" content=\"Est. reading time\" \/>\n\t<meta name=\"twitter:data1\" content=\"1 minute\" \/>\n<script type=\"application\/ld+json\" class=\"yoast-schema-graph\">{\"@context\":\"https:\/\/schema.org\",\"@graph\":[{\"@type\":\"Organization\",\"@id\":\"https:\/\/oygib.az\/tabiat\/#organization\",\"name\":\"TAB\\u0130AT H\\u0259r\\u0259kat\\u0131\",\"url\":\"https:\/\/oygib.az\/tabiat\/\",\"sameAs\":[\"https:\/\/www.facebook.com\/odlaryurduyouth\",\"https:\/\/www.instagram.com\/odlaryurduyouth\/\"],\"logo\":{\"@type\":\"ImageObject\",\"@id\":\"https:\/\/oygib.az\/tabiat\/#logo\",\"inLanguage\":\"en-US\",\"url\":\"https:\/\/oygib.az\/tabiat\/wp-content\/uploads\/2021\/08\/photo5208807290457666677.jpg\",\"contentUrl\":\"https:\/\/oygib.az\/tabiat\/wp-content\/uploads\/2021\/08\/photo5208807290457666677.jpg\",\"width\":1280,\"height\":1280,\"caption\":\"TAB\\u0130AT H\\u0259r\\u0259kat\\u0131\"},\"image\":{\"@id\":\"https:\/\/oygib.az\/tabiat\/#logo\"}},{\"@type\":\"WebSite\",\"@id\":\"https:\/\/oygib.az\/tabiat\/#website\",\"url\":\"https:\/\/oygib.az\/tabiat\/\",\"name\":\"T\\u00fcrkiy\\u0259 Az\\u0259rbaycan Birliyinin \\u0130nki\\u015faf\\u0131 Ad\\u0131na A\\u011fac\\u0259km\\u0259 T\\u0259\\u015f\\u0259bb\\u00fcs\\u00fc H\\u0259r\\u0259kat\\u0131\",\"description\":\"T\\u00fcrkiy\\u0259y\\u0259 d\\u0259st\\u0259k Platformas\\u0131\",\"publisher\":{\"@id\":\"https:\/\/oygib.az\/tabiat\/#organization\"},\"potentialAction\":[{\"@type\":\"SearchAction\",\"target\":{\"@type\":\"EntryPoint\",\"urlTemplate\":\"https:\/\/oygib.az\/tabiat\/?s={search_term_string}\"},\"query-input\":\"required name=search_term_string\"}],\"inLanguage\":\"en-US\"},{\"@type\":\"ImageObject\",\"@id\":\"https:\/\/oygib.az\/tabiat\/iane\/#primaryimage\",\"inLanguage\":\"en-US\",\"url\":\"https:\/\/oygib.az\/tabiat\/wp-content\/uploads\/2021\/08\/photo5208807290457666677.jpg\",\"contentUrl\":\"https:\/\/oygib.az\/tabiat\/wp-content\/uploads\/2021\/08\/photo5208807290457666677.jpg\",\"width\":1280,\"height\":1280},{\"@type\":\"WebPage\",\"@id\":\"https:\/\/oygib.az\/tabiat\/iane\/#webpage\",\"url\":\"https:\/\/oygib.az\/tabiat\/iane\/\",\"name\":\"\\u0130an\\u0259 Et - T\\u00fcrkiy\\u0259 Az\\u0259rbaycan Birliyinin \\u0130nki\\u015faf\\u0131 Ad\\u0131na A\\u011fac\\u0259km\\u0259 T\\u0259\\u015f\\u0259bb\\u00fcs\\u00fc H\\u0259r\\u0259kat\\u0131\",\"isPartOf\":{\"@id\":\"https:\/\/oygib.az\/tabiat\/#website\"},\"primaryImageOfPage\":{\"@id\":\"https:\/\/oygib.az\/tabiat\/iane\/#primaryimage\"},\"datePublished\":\"2021-08-02T11:29:38+00:00\",\"dateModified\":\"2021-09-02T13:02:05+00:00\",\"breadcrumb\":{\"@id\":\"https:\/\/oygib.az\/tabiat\/iane\/#breadcrumb\"},\"inLanguage\":\"en-US\",\"potentialAction\":[{\"@type\":\"ReadAction\",\"target\":[\"https:\/\/oygib.az\/tabiat\/iane\/\"]}]},{\"@type\":\"BreadcrumbList\",\"@id\":\"https:\/\/oygib.az\/tabiat\/iane\/#breadcrumb\",\"itemListElement\":[{\"@type\":\"ListItem\",\"position\":1,\"name\":\"Home\",\"item\":\"https:\/\/oygib.az\/tabiat\/\"},{\"@type\":\"ListItem\",\"position\":2,\"name\":\"\\u0130an\\u0259 Et\"}]}]}<\/script>\n<!-- \/ Yoast SEO plugin. -->","yoast_head_json":{"title":"\u0130an\u0259 Et - T\u00fcrkiy\u0259 Az\u0259rbaycan Birliyinin \u0130nki\u015faf\u0131 Ad\u0131na A\u011fac\u0259km\u0259 T\u0259\u015f\u0259bb\u00fcs\u00fc H\u0259r\u0259kat\u0131","robots":{"index":"index","follow":"follow","max-snippet":"max-snippet:-1","max-image-preview":"max-image-preview:large","max-video-preview":"max-video-preview:-1"},"canonical":"https:\/\/oygib.az\/tabiat\/iane\/","og_locale":"en_US","og_type":"article","og_title":"\u0130an\u0259 Et - T\u00fcrkiy\u0259 Az\u0259rbaycan Birliyinin \u0130nki\u015faf\u0131 Ad\u0131na A\u011fac\u0259km\u0259 T\u0259\u015f\u0259bb\u00fcs\u00fc H\u0259r\u0259kat\u0131","og_description":"Hesab M\u0259lumatlar\u0131: Milli\u00d6N v\u0259 ya E-manat \u00f6d\u0259m\u0259 qur\u011fular\u0131 il\u0259 ian\u0259 etm\u0259k \u00fc\u00e7\u00fcn: Bank \u00f6d\u0259ni\u015fl\u0259ri -&gt; Kapital Bank -&gt; Kart hesab\u0131n\u0131n art\u0131r\u0131lmas\u0131 Kart n\u00f6mr\u0259si: 4169 7385 0733 8618 Ad,soyad: Nigar Alasgarova\u00a0 Card to Card vasit\u0259si il\u0259 hesaba m\u0259daxil etm\u0259k \u00fc\u00e7\u00fcn: Ad,soyad: Nigar Alasgarova Kart n\u00f6mr\u0259si: 4169 7385 0733 8618 Son istifad\u0259 tarixi: 08\/24 TAB\u0130AT H\u0259r\u0259kat\u0131na d\u0259st\u0259k ...","og_url":"https:\/\/oygib.az\/tabiat\/iane\/","og_site_name":"T\u00fcrkiy\u0259 Az\u0259rbaycan Birliyinin \u0130nki\u015faf\u0131 Ad\u0131na A\u011fac\u0259km\u0259 T\u0259\u015f\u0259bb\u00fcs\u00fc H\u0259r\u0259kat\u0131","article_publisher":"https:\/\/www.facebook.com\/odlaryurduyouth","article_modified_time":"2021-09-02T13:02:05+00:00","og_image":[{"width":1280,"height":1280,"url":"https:\/\/oygib.az\/tabiat\/wp-content\/uploads\/2021\/08\/photo5208807290457666677.jpg","type":"image\/jpeg"}],"twitter_card":"summary_large_image","twitter_misc":{"Est. reading time":"1 minute"},"schema":{"@context":"https:\/\/schema.org","@graph":[{"@type":"Organization","@id":"https:\/\/oygib.az\/tabiat\/#organization","name":"TAB\u0130AT H\u0259r\u0259kat\u0131","url":"https:\/\/oygib.az\/tabiat\/","sameAs":["https:\/\/www.facebook.com\/odlaryurduyouth","https:\/\/www.instagram.com\/odlaryurduyouth\/"],"logo":{"@type":"ImageObject","@id":"https:\/\/oygib.az\/tabiat\/#logo","inLanguage":"en-US","url":"https:\/\/oygib.az\/tabiat\/wp-content\/uploads\/2021\/08\/photo5208807290457666677.jpg","contentUrl":"https:\/\/oygib.az\/tabiat\/wp-content\/uploads\/2021\/08\/photo5208807290457666677.jpg","width":1280,"height":1280,"caption":"TAB\u0130AT H\u0259r\u0259kat\u0131"},"image":{"@id":"https:\/\/oygib.az\/tabiat\/#logo"}},{"@type":"WebSite","@id":"https:\/\/oygib.az\/tabiat\/#website","url":"https:\/\/oygib.az\/tabiat\/","name":"T\u00fcrkiy\u0259 Az\u0259rbaycan Birliyinin \u0130nki\u015faf\u0131 Ad\u0131na A\u011fac\u0259km\u0259 T\u0259\u015f\u0259bb\u00fcs\u00fc H\u0259r\u0259kat\u0131","description":"T\u00fcrkiy\u0259y\u0259 d\u0259st\u0259k Platformas\u0131","publisher":{"@id":"https:\/\/oygib.az\/tabiat\/#organization"},"potentialAction":[{"@type":"SearchAction","target":{"@type":"EntryPoint","urlTemplate":"https:\/\/oygib.az\/tabiat\/?s={search_term_string}"},"query-input":"required name=search_term_string"}],"inLanguage":"en-US"},{"@type":"ImageObject","@id":"https:\/\/oygib.az\/tabiat\/iane\/#primaryimage","inLanguage":"en-US","url":"https:\/\/oygib.az\/tabiat\/wp-content\/uploads\/2021\/08\/photo5208807290457666677.jpg","contentUrl":"https:\/\/oygib.az\/tabiat\/wp-content\/uploads\/2021\/08\/photo5208807290457666677.jpg","width":1280,"height":1280},{"@type":"WebPage","@id":"https:\/\/oygib.az\/tabiat\/iane\/#webpage","url":"https:\/\/oygib.az\/tabiat\/iane\/","name":"\u0130an\u0259 Et - T\u00fcrkiy\u0259 Az\u0259rbaycan Birliyinin \u0130nki\u015faf\u0131 Ad\u0131na A\u011fac\u0259km\u0259 T\u0259\u015f\u0259bb\u00fcs\u00fc H\u0259r\u0259kat\u0131","isPartOf":{"@id":"https:\/\/oygib.az\/tabiat\/#website"},"primaryImageOfPage":{"@id":"https:\/\/oygib.az\/tabiat\/iane\/#primaryimage"},"datePublished":"2021-08-02T11:29:38+00:00","dateModified":"2021-09-02T13:02:05+00:00","breadcrumb":{"@id":"https:\/\/oygib.az\/tabiat\/iane\/#breadcrumb"},"inLanguage":"en-US","potentialAction":[{"@type":"ReadAction","target":["https:\/\/oygib.az\/tabiat\/iane\/"]}]},{"@type":"BreadcrumbList","@id":"https:\/\/oygib.az\/tabiat\/iane\/#breadcrumb","itemListElement":[{"@type":"ListItem","position":1,"name":"Home","item":"https:\/\/oygib.az\/tabiat\/"},{"@type":"ListItem","position":2,"name":"\u0130an\u0259 Et"}]}]}},"_links":{"self":[{"href":"https:\/\/oygib.az\/tabiat\/wp-json\/wp\/v2\/pages\/10136"}],"collection":[{"href":"https:\/\/oygib.az\/tabiat\/wp-json\/wp\/v2\/pages"}],"about":[{"href":"https:\/\/oygib.az\/tabiat\/wp-json\/wp\/v2\/types\/page"}],"author":[{"embeddable":true,"href":"https:\/\/oygib.az\/tabiat\/wp-json\/wp\/v2\/users\/1"}],"replies":[{"embeddable":true,"href":"https:\/\/oygib.az\/tabiat\/wp-json\/wp\/v2\/comments?post=10136"}],"version-history":[{"count":124,"href":"https:\/\/oygib.az\/tabiat\/wp-json\/wp\/v2\/pages\/10136\/revisions"}],"predecessor-version":[{"id":10515,"href":"https:\/\/oygib.az\/tabiat\/wp-json\/wp\/v2\/pages\/10136\/revisions\/10515"}],"wp:featuredmedia":[{"embeddable":true,"href":"https:\/\/oygib.az\/tabiat\/wp-json\/wp\/v2\/media\/10387"}],"wp:attachment":[{"href":"https:\/\/oygib.az\/tabiat\/wp-json\/wp\/v2\/media?parent=10136"}],"curies":[{"name":"wp","href":"https:\/\/api.w.org\/{rel}","templated":true}]}}