{"id":10138,"date":"2021-08-02T11:30:37","date_gmt":"2021-08-02T11:30:37","guid":{"rendered":"http:\/\/oygib.az\/turkiyedestek\/?page_id=10138"},"modified":"2021-08-02T17:49:32","modified_gmt":"2021-08-02T17:49:32","slug":"%c9%99laq%c9%99","status":"publish","type":"page","link":"https:\/\/oygib.az\/tabiat\/%c9%99laq%c9%99\/","title":{"rendered":"\u018flaq\u0259"},"content":{"rendered":"\t\t<div data-elementor-type=\"wp-page\" data-elementor-id=\"10138\" class=\"elementor elementor-10138\" data-elementor-settings=\"[]\">\n\t\t\t\t\t\t\t<div class=\"elementor-section-wrap\">\n\t\t\t\t\t\t\t<section class=\"elementor-section elementor-top-section elementor-element elementor-element-393c892 elementor-section-boxed elementor-section-height-default elementor-section-height-default\" data-id=\"393c892\" data-element_type=\"section\">\n\t\t\t\t\t\t<div class=\"elementor-container elementor-column-gap-default\">\n\t\t\t\t\t<div class=\"elementor-column elementor-col-100 elementor-top-column elementor-element elementor-element-5c858f5\" data-id=\"5c858f5\" data-element_type=\"column\">\n\t\t\t<div class=\"elementor-widget-wrap elementor-element-populated\">\n\t\t\t\t\t\t\t\t<div class=\"elementor-element elementor-element-cf899f5 elementor-widget elementor-widget-google_maps\" data-id=\"cf899f5\" data-element_type=\"widget\" data-widget_type=\"google_maps.default\">\n\t\t\t\t<div class=\"elementor-widget-container\">\n\t\t\t\t\t<div class=\"elementor-custom-embed\">\n\t\t\t<iframe frameborder=\"0\" scrolling=\"no\" marginheight=\"0\" marginwidth=\"0\" src=\"https:\/\/maps.google.com\/maps?q=Globus%20Center%20%28M%C9%99rt%C9%99b%C9%99-13%29&amp;t=m&amp;z=10&amp;output=embed&amp;iwloc=near\" title=\"%3$s\" aria-label=\"%3$s\"><\/iframe>\n\t\t<\/div>\n\t\t\t\t<\/div>\n\t\t\t\t<\/div>\n\t\t\t\t\t<\/div>\n\t\t<\/div>\n\t\t\t\t\t\t\t<\/div>\n\t\t<\/section>\n\t\t\t\t<section class=\"elementor-section elementor-top-section elementor-element elementor-element-add18b7 elementor-section-boxed elementor-section-height-default elementor-section-height-default\" data-id=\"add18b7\" data-element_type=\"section\">\n\t\t\t\t\t\t<div class=\"elementor-container elementor-column-gap-default\">\n\t\t\t\t\t<div class=\"elementor-column elementor-col-100 elementor-top-column elementor-element elementor-element-34416d2\" data-id=\"34416d2\" data-element_type=\"column\">\n\t\t\t<div class=\"elementor-widget-wrap elementor-element-populated\">\n\t\t\t\t\t\t\t\t<div class=\"elementor-element elementor-element-0bc54b2 elementor-icon-list--layout-traditional elementor-list-item-link-full_width elementor-widget elementor-widget-icon-list\" data-id=\"0bc54b2\" data-element_type=\"widget\" data-widget_type=\"icon-list.default\">\n\t\t\t\t<div class=\"elementor-widget-container\">\n\t\t\t\t\t<ul class=\"elementor-icon-list-items\">\n\t\t\t\t\t\t\t<li class=\"elementor-icon-list-item\">\n\t\t\t\t\t\t\t\t\t\t\t<span class=\"elementor-icon-list-icon\">\n\t\t\t\t\t\t\t<i aria-hidden=\"true\" class=\"fas fa-phone-square-alt\"><\/i>\t\t\t\t\t\t<\/span>\n\t\t\t\t\t\t\t\t\t\t<span class=\"elementor-icon-list-text\">\u018flaq\u0259 N\u00f6mr\u0259si: +994 50 466 36 22<\/span>\n\t\t\t\t\t\t\t\t\t<\/li>\n\t\t\t\t\t\t\t\t<li class=\"elementor-icon-list-item\">\n\t\t\t\t\t\t\t\t\t\t\t<span class=\"elementor-icon-list-icon\">\n\t\t\t\t\t\t\t<i aria-hidden=\"true\" class=\"far fa-envelope\"><\/i>\t\t\t\t\t\t<\/span>\n\t\t\t\t\t\t\t\t\t\t<span class=\"elementor-icon-list-text\">E-po\u00e7t: info@oygib.az<\/span>\n\t\t\t\t\t\t\t\t\t<\/li>\n\t\t\t\t\t\t\t\t<li class=\"elementor-icon-list-item\">\n\t\t\t\t\t\t\t\t\t\t\t<span class=\"elementor-icon-list-icon\">\n\t\t\t\t\t\t\t<i aria-hidden=\"true\" class=\"far fa-building\"><\/i>\t\t\t\t\t\t<\/span>\n\t\t\t\t\t\t\t\t\t\t<span class=\"elementor-icon-list-text\">\u00dcnvan: Bak\u0131, Globus Center, M\u0259rt\u0259b\u0259-13<\/span>\n\t\t\t\t\t\t\t\t\t<\/li>\n\t\t\t\t\t\t<\/ul>\n\t\t\t\t<\/div>\n\t\t\t\t<\/div>\n\t\t\t\t\t<\/div>\n\t\t<\/div>\n\t\t\t\t\t\t\t<\/div>\n\t\t<\/section>\n\t\t\t\t<section class=\"elementor-section elementor-top-section elementor-element elementor-element-0dc7e2e elementor-section-boxed elementor-section-height-default elementor-section-height-default\" data-id=\"0dc7e2e\" data-element_type=\"section\">\n\t\t\t\t\t\t<div class=\"elementor-container elementor-column-gap-default\">\n\t\t\t\t\t<div class=\"elementor-column elementor-col-100 elementor-top-column elementor-element elementor-element-3628885\" data-id=\"3628885\" data-element_type=\"column\">\n\t\t\t<div class=\"elementor-widget-wrap elementor-element-populated\">\n\t\t\t\t\t\t\t\t<div class=\"elementor-element elementor-element-f450039 elementor-shape-circle elementor-grid-0 e-grid-align-center elementor-widget elementor-widget-social-icons\" data-id=\"f450039\" data-element_type=\"widget\" data-widget_type=\"social-icons.default\">\n\t\t\t\t<div class=\"elementor-widget-container\">\n\t\t\t\t\t<div class=\"elementor-social-icons-wrapper elementor-grid\">\n\t\t\t\t\t\t\t<span class=\"elementor-grid-item\">\n\t\t\t\t\t<a class=\"elementor-icon elementor-social-icon elementor-social-icon-facebook elementor-repeater-item-49baff1\" href=\"https:\/\/www.facebook.com\/odlaryurduyouth\" target=\"_blank\">\n\t\t\t\t\t\t<span class=\"elementor-screen-only\">Facebook<\/span>\n\t\t\t\t\t\t<i class=\"fab fa-facebook\"><\/i>\t\t\t\t\t<\/a>\n\t\t\t\t<\/span>\n\t\t\t\t\t\t\t<span class=\"elementor-grid-item\">\n\t\t\t\t\t<a class=\"elementor-icon elementor-social-icon elementor-social-icon-twitter elementor-repeater-item-0288877\" href=\"http:\/\/www.twitter.com\/odlaryurduyouth\" target=\"_blank\">\n\t\t\t\t\t\t<span class=\"elementor-screen-only\">Twitter<\/span>\n\t\t\t\t\t\t<i class=\"fab fa-twitter\"><\/i>\t\t\t\t\t<\/a>\n\t\t\t\t<\/span>\n\t\t\t\t\t\t\t<span class=\"elementor-grid-item\">\n\t\t\t\t\t<a class=\"elementor-icon elementor-social-icon elementor-social-icon-instagram elementor-repeater-item-d5643c2\" href=\"https:\/\/www.instagram.com\/odlaryurduyouth\" target=\"_blank\">\n\t\t\t\t\t\t<span class=\"elementor-screen-only\">Instagram<\/span>\n\t\t\t\t\t\t<i class=\"fab fa-instagram\"><\/i>\t\t\t\t\t<\/a>\n\t\t\t\t<\/span>\n\t\t\t\t\t\t\t<span class=\"elementor-grid-item\">\n\t\t\t\t\t<a class=\"elementor-icon elementor-social-icon elementor-social-icon-youtube elementor-repeater-item-b92081e\" href=\"https:\/\/www.youtube.com\/c\/odlaryurduyouth\" target=\"_blank\">\n\t\t\t\t\t\t<span class=\"elementor-screen-only\">Youtube<\/span>\n\t\t\t\t\t\t<i class=\"fab fa-youtube\"><\/i>\t\t\t\t\t<\/a>\n\t\t\t\t<\/span>\n\t\t\t\t\t<\/div>\n\t\t\t\t<\/div>\n\t\t\t\t<\/div>\n\t\t\t\t\t<\/div>\n\t\t<\/div>\n\t\t\t\t\t\t\t<\/div>\n\t\t<\/section>\n\t\t\t\t\t\t<\/div>\n\t\t\t\t\t<\/div>\n\t\t","protected":false},"excerpt":{"rendered":"<p>\u018flaq\u0259 N\u00f6mr\u0259si: +994 50 466 36 22 E-po\u00e7t: info@oygib.az \u00dcnvan: Bak\u0131, Globus Center, M\u0259rt\u0259b\u0259-13 Facebook Twitter Instagram Youtube<\/p>\n","protected":false},"author":1,"featured_media":0,"parent":0,"menu_order":0,"comment_status":"closed","ping_status":"closed","template":"","meta":[],"yoast_head":"<!-- This site is optimized with the Yoast SEO plugin v17.4 - https:\/\/yoast.com\/wordpress\/plugins\/seo\/ -->\n<title>\u018flaq\u0259 - T\u00fcrkiy\u0259 Az\u0259rbaycan Birliyinin \u0130nki\u015faf\u0131 Ad\u0131na A\u011fac\u0259km\u0259 T\u0259\u015f\u0259bb\u00fcs\u00fc H\u0259r\u0259kat\u0131<\/title>\n<meta name=\"robots\" content=\"index, follow, max-snippet:-1, max-image-preview:large, max-video-preview:-1\" \/>\n<link rel=\"canonical\" href=\"https:\/\/oygib.az\/tabiat\/\u0259laq\u0259\/\" \/>\n<meta property=\"og:locale\" content=\"en_US\" \/>\n<meta property=\"og:type\" content=\"article\" \/>\n<meta property=\"og:title\" content=\"\u018flaq\u0259 - T\u00fcrkiy\u0259 Az\u0259rbaycan Birliyinin \u0130nki\u015faf\u0131 Ad\u0131na A\u011fac\u0259km\u0259 T\u0259\u015f\u0259bb\u00fcs\u00fc H\u0259r\u0259kat\u0131\" \/>\n<meta property=\"og:description\" content=\"\u018flaq\u0259 N\u00f6mr\u0259si: +994 50 466 36 22 E-po\u00e7t: info@oygib.az \u00dcnvan: Bak\u0131, Globus Center, M\u0259rt\u0259b\u0259-13 Facebook Twitter Instagram Youtube\" \/>\n<meta property=\"og:url\" content=\"https:\/\/oygib.az\/tabiat\/\u0259laq\u0259\/\" \/>\n<meta property=\"og:site_name\" content=\"T\u00fcrkiy\u0259 Az\u0259rbaycan Birliyinin \u0130nki\u015faf\u0131 Ad\u0131na A\u011fac\u0259km\u0259 T\u0259\u015f\u0259bb\u00fcs\u00fc H\u0259r\u0259kat\u0131\" \/>\n<meta property=\"article:publisher\" content=\"https:\/\/www.facebook.com\/odlaryurduyouth\" \/>\n<meta property=\"article:modified_time\" content=\"2021-08-02T17:49:32+00:00\" \/>\n<meta property=\"og:image\" content=\"https:\/\/oygib.az\/tabiat\/wp-content\/uploads\/2021\/08\/photo5208807290457666677.jpg\" \/>\n\t<meta property=\"og:image:width\" content=\"1280\" \/>\n\t<meta property=\"og:image:height\" content=\"1280\" \/>\n<meta name=\"twitter:card\" content=\"summary_large_image\" \/>\n<script type=\"application\/ld+json\" class=\"yoast-schema-graph\">{\"@context\":\"https:\/\/schema.org\",\"@graph\":[{\"@type\":\"Organization\",\"@id\":\"https:\/\/oygib.az\/tabiat\/#organization\",\"name\":\"TAB\\u0130AT H\\u0259r\\u0259kat\\u0131\",\"url\":\"https:\/\/oygib.az\/tabiat\/\",\"sameAs\":[\"https:\/\/www.facebook.com\/odlaryurduyouth\",\"https:\/\/www.instagram.com\/odlaryurduyouth\/\"],\"logo\":{\"@type\":\"ImageObject\",\"@id\":\"https:\/\/oygib.az\/tabiat\/#logo\",\"inLanguage\":\"en-US\",\"url\":\"https:\/\/oygib.az\/tabiat\/wp-content\/uploads\/2021\/08\/photo5208807290457666677.jpg\",\"contentUrl\":\"https:\/\/oygib.az\/tabiat\/wp-content\/uploads\/2021\/08\/photo5208807290457666677.jpg\",\"width\":1280,\"height\":1280,\"caption\":\"TAB\\u0130AT H\\u0259r\\u0259kat\\u0131\"},\"image\":{\"@id\":\"https:\/\/oygib.az\/tabiat\/#logo\"}},{\"@type\":\"WebSite\",\"@id\":\"https:\/\/oygib.az\/tabiat\/#website\",\"url\":\"https:\/\/oygib.az\/tabiat\/\",\"name\":\"T\\u00fcrkiy\\u0259 Az\\u0259rbaycan Birliyinin \\u0130nki\\u015faf\\u0131 Ad\\u0131na A\\u011fac\\u0259km\\u0259 T\\u0259\\u015f\\u0259bb\\u00fcs\\u00fc H\\u0259r\\u0259kat\\u0131\",\"description\":\"T\\u00fcrkiy\\u0259y\\u0259 d\\u0259st\\u0259k Platformas\\u0131\",\"publisher\":{\"@id\":\"https:\/\/oygib.az\/tabiat\/#organization\"},\"potentialAction\":[{\"@type\":\"SearchAction\",\"target\":{\"@type\":\"EntryPoint\",\"urlTemplate\":\"https:\/\/oygib.az\/tabiat\/?s={search_term_string}\"},\"query-input\":\"required name=search_term_string\"}],\"inLanguage\":\"en-US\"},{\"@type\":\"WebPage\",\"@id\":\"https:\/\/oygib.az\/tabiat\/%c9%99laq%c9%99\/#webpage\",\"url\":\"https:\/\/oygib.az\/tabiat\/%c9%99laq%c9%99\/\",\"name\":\"\\u018flaq\\u0259 - T\\u00fcrkiy\\u0259 Az\\u0259rbaycan Birliyinin \\u0130nki\\u015faf\\u0131 Ad\\u0131na A\\u011fac\\u0259km\\u0259 T\\u0259\\u015f\\u0259bb\\u00fcs\\u00fc H\\u0259r\\u0259kat\\u0131\",\"isPartOf\":{\"@id\":\"https:\/\/oygib.az\/tabiat\/#website\"},\"datePublished\":\"2021-08-02T11:30:37+00:00\",\"dateModified\":\"2021-08-02T17:49:32+00:00\",\"breadcrumb\":{\"@id\":\"https:\/\/oygib.az\/tabiat\/%c9%99laq%c9%99\/#breadcrumb\"},\"inLanguage\":\"en-US\",\"potentialAction\":[{\"@type\":\"ReadAction\",\"target\":[\"https:\/\/oygib.az\/tabiat\/%c9%99laq%c9%99\/\"]}]},{\"@type\":\"BreadcrumbList\",\"@id\":\"https:\/\/oygib.az\/tabiat\/%c9%99laq%c9%99\/#breadcrumb\",\"itemListElement\":[{\"@type\":\"ListItem\",\"position\":1,\"name\":\"Home\",\"item\":\"https:\/\/oygib.az\/tabiat\/\"},{\"@type\":\"ListItem\",\"position\":2,\"name\":\"\\u018flaq\\u0259\"}]}]}<\/script>\n<!-- \/ Yoast SEO plugin. -->","yoast_head_json":{"title":"\u018flaq\u0259 - T\u00fcrkiy\u0259 Az\u0259rbaycan Birliyinin \u0130nki\u015faf\u0131 Ad\u0131na A\u011fac\u0259km\u0259 T\u0259\u015f\u0259bb\u00fcs\u00fc H\u0259r\u0259kat\u0131","robots":{"index":"index","follow":"follow","max-snippet":"max-snippet:-1","max-image-preview":"max-image-preview:large","max-video-preview":"max-video-preview:-1"},"canonical":"https:\/\/oygib.az\/tabiat\/\u0259laq\u0259\/","og_locale":"en_US","og_type":"article","og_title":"\u018flaq\u0259 - T\u00fcrkiy\u0259 Az\u0259rbaycan Birliyinin \u0130nki\u015faf\u0131 Ad\u0131na A\u011fac\u0259km\u0259 T\u0259\u015f\u0259bb\u00fcs\u00fc H\u0259r\u0259kat\u0131","og_description":"\u018flaq\u0259 N\u00f6mr\u0259si: +994 50 466 36 22 E-po\u00e7t: info@oygib.az \u00dcnvan: Bak\u0131, Globus Center, M\u0259rt\u0259b\u0259-13 Facebook Twitter Instagram Youtube","og_url":"https:\/\/oygib.az\/tabiat\/\u0259laq\u0259\/","og_site_name":"T\u00fcrkiy\u0259 Az\u0259rbaycan Birliyinin \u0130nki\u015faf\u0131 Ad\u0131na A\u011fac\u0259km\u0259 T\u0259\u015f\u0259bb\u00fcs\u00fc H\u0259r\u0259kat\u0131","article_publisher":"https:\/\/www.facebook.com\/odlaryurduyouth","article_modified_time":"2021-08-02T17:49:32+00:00","og_image":[{"width":1280,"height":1280,"url":"https:\/\/oygib.az\/tabiat\/wp-content\/uploads\/2021\/08\/photo5208807290457666677.jpg","type":"image\/jpeg"}],"twitter_card":"summary_large_image","schema":{"@context":"https:\/\/schema.org","@graph":[{"@type":"Organization","@id":"https:\/\/oygib.az\/tabiat\/#organization","name":"TAB\u0130AT H\u0259r\u0259kat\u0131","url":"https:\/\/oygib.az\/tabiat\/","sameAs":["https:\/\/www.facebook.com\/odlaryurduyouth","https:\/\/www.instagram.com\/odlaryurduyouth\/"],"logo":{"@type":"ImageObject","@id":"https:\/\/oygib.az\/tabiat\/#logo","inLanguage":"en-US","url":"https:\/\/oygib.az\/tabiat\/wp-content\/uploads\/2021\/08\/photo5208807290457666677.jpg","contentUrl":"https:\/\/oygib.az\/tabiat\/wp-content\/uploads\/2021\/08\/photo5208807290457666677.jpg","width":1280,"height":1280,"caption":"TAB\u0130AT H\u0259r\u0259kat\u0131"},"image":{"@id":"https:\/\/oygib.az\/tabiat\/#logo"}},{"@type":"WebSite","@id":"https:\/\/oygib.az\/tabiat\/#website","url":"https:\/\/oygib.az\/tabiat\/","name":"T\u00fcrkiy\u0259 Az\u0259rbaycan Birliyinin \u0130nki\u015faf\u0131 Ad\u0131na A\u011fac\u0259km\u0259 T\u0259\u015f\u0259bb\u00fcs\u00fc H\u0259r\u0259kat\u0131","description":"T\u00fcrkiy\u0259y\u0259 d\u0259st\u0259k Platformas\u0131","publisher":{"@id":"https:\/\/oygib.az\/tabiat\/#organization"},"potentialAction":[{"@type":"SearchAction","target":{"@type":"EntryPoint","urlTemplate":"https:\/\/oygib.az\/tabiat\/?s={search_term_string}"},"query-input":"required name=search_term_string"}],"inLanguage":"en-US"},{"@type":"WebPage","@id":"https:\/\/oygib.az\/tabiat\/%c9%99laq%c9%99\/#webpage","url":"https:\/\/oygib.az\/tabiat\/%c9%99laq%c9%99\/","name":"\u018flaq\u0259 - T\u00fcrkiy\u0259 Az\u0259rbaycan Birliyinin \u0130nki\u015faf\u0131 Ad\u0131na A\u011fac\u0259km\u0259 T\u0259\u015f\u0259bb\u00fcs\u00fc H\u0259r\u0259kat\u0131","isPartOf":{"@id":"https:\/\/oygib.az\/tabiat\/#website"},"datePublished":"2021-08-02T11:30:37+00:00","dateModified":"2021-08-02T17:49:32+00:00","breadcrumb":{"@id":"https:\/\/oygib.az\/tabiat\/%c9%99laq%c9%99\/#breadcrumb"},"inLanguage":"en-US","potentialAction":[{"@type":"ReadAction","target":["https:\/\/oygib.az\/tabiat\/%c9%99laq%c9%99\/"]}]},{"@type":"BreadcrumbList","@id":"https:\/\/oygib.az\/tabiat\/%c9%99laq%c9%99\/#breadcrumb","itemListElement":[{"@type":"ListItem","position":1,"name":"Home","item":"https:\/\/oygib.az\/tabiat\/"},{"@type":"ListItem","position":2,"name":"\u018flaq\u0259"}]}]}},"_links":{"self":[{"href":"https:\/\/oygib.az\/tabiat\/wp-json\/wp\/v2\/pages\/10138"}],"collection":[{"href":"https:\/\/oygib.az\/tabiat\/wp-json\/wp\/v2\/pages"}],"about":[{"href":"https:\/\/oygib.az\/tabiat\/wp-json\/wp\/v2\/types\/page"}],"author":[{"embeddable":true,"href":"https:\/\/oygib.az\/tabiat\/wp-json\/wp\/v2\/users\/1"}],"replies":[{"embeddable":true,"href":"https:\/\/oygib.az\/tabiat\/wp-json\/wp\/v2\/comments?post=10138"}],"version-history":[{"count":13,"href":"https:\/\/oygib.az\/tabiat\/wp-json\/wp\/v2\/pages\/10138\/revisions"}],"predecessor-version":[{"id":10200,"href":"https:\/\/oygib.az\/tabiat\/wp-json\/wp\/v2\/pages\/10138\/revisions\/10200"}],"wp:attachment":[{"href":"https:\/\/oygib.az\/tabiat\/wp-json\/wp\/v2\/media?parent=10138"}],"curies":[{"name":"wp","href":"https:\/\/api.w.org\/{rel}","templated":true}]}}