{"id":10367,"date":"2021-08-27T12:58:50","date_gmt":"2021-08-27T12:58:50","guid":{"rendered":"https:\/\/oygib.az\/tabiat\/?page_id=10367"},"modified":"2021-10-29T11:35:41","modified_gmt":"2021-10-29T11:35:41","slug":"fiziki","status":"publish","type":"page","link":"https:\/\/oygib.az\/tabiat\/fiziki\/","title":{"rendered":"F\u0130Z\u0130K\u0130 \u015e\u018fXSL\u018fR"},"content":{"rendered":"\t\t<div data-elementor-type=\"wp-page\" data-elementor-id=\"10367\" class=\"elementor elementor-10367\" data-elementor-settings=\"[]\">\n\t\t\t\t\t\t\t<div class=\"elementor-section-wrap\">\n\t\t\t\t\t\t\t<section class=\"elementor-section elementor-top-section elementor-element elementor-element-66b470d elementor-section-boxed elementor-section-height-default elementor-section-height-default\" data-id=\"66b470d\" data-element_type=\"section\">\n\t\t\t\t\t\t<div class=\"elementor-container elementor-column-gap-default\">\n\t\t\t\t\t<div class=\"elementor-column elementor-col-100 elementor-top-column elementor-element elementor-element-3f26d51\" data-id=\"3f26d51\" data-element_type=\"column\">\n\t\t\t<div class=\"elementor-widget-wrap elementor-element-populated\">\n\t\t\t\t\t\t\t\t<div class=\"elementor-element elementor-element-3882eec elementor-widget elementor-widget-text-editor\" data-id=\"3882eec\" data-element_type=\"widget\" data-widget_type=\"text-editor.default\">\n\t\t\t\t<div class=\"elementor-widget-container\">\n\t\t\t\t\t\t\t\t<p style=\"text-align: center;\"><b>TAB\u0130AT h\u0259r\u0259kat\u0131na d\u0259st\u0259k olanlar\u0131n siyah\u0131s\u0131<\/b><\/p><table class=\" aligncenter\"><tbody><tr><td><p><b>No<\/b><\/p><\/td><td><p><b>Ba\u011f\u0131\u015flayan \u015f\u0259xsin ad\u0131, soyad\u0131<\/b><\/p><\/td><td><p><b>Ba\u011f\u0131\u015flad\u0131\u011f\u0131 fidan say\u0131<\/b><\/p><\/td><\/tr><tr><td><p><b>1<\/b><\/p><\/td><td><p><span style=\"font-weight: 400;\">F\u0259rhad Qara\u015fov<\/span><\/p><\/td><td><p><span style=\"font-weight: 400;\">150<\/span><\/p><\/td><\/tr><tr><td><p><b>2<\/b><\/p><\/td><td><p><span style=\"font-weight: 400;\">Hikm\u0259t M\u0259mm\u0259dov<\/span><\/p><\/td><td><p><span style=\"font-weight: 400;\">100<\/span><\/p><\/td><\/tr><tr><td><p><b>3<\/b><\/p><\/td><td><p><span style=\"font-weight: 400;\">Heyd\u0259r \u0130brahimov<\/span><\/p><\/td><td><p><span style=\"font-weight: 400;\">100<\/span><\/p><\/td><\/tr><tr><td><p><b>4<\/b><\/p><\/td><td><p><span style=\"font-weight: 400;\">V\u00fcsal \u0130brahimov<\/span><\/p><\/td><td><p><span style=\"font-weight: 400;\">100<\/span><\/p><\/td><\/tr><tr><td><p><b>5<\/b><\/p><\/td><td><p><span style=\"font-weight: 400;\">T\u0259ran\u0259 Pa\u015fayeva\u00a0<\/span><\/p><\/td><td><p><span style=\"font-weight: 400;\">100<\/span><\/p><\/td><\/tr><tr><td><p><b>6<\/b><\/p><\/td><td><p><span style=\"font-weight: 400;\">Dr. Fizuli H\u00fcseynov<\/span><\/p><\/td><td><p><span style=\"font-weight: 400;\">100<\/span><\/p><\/td><\/tr><tr><td><p><b>7<\/b><\/p><\/td><td><p><span style=\"font-weight: 400;\">Anar M\u0259mm\u0259dov<\/span><\/p><\/td><td><p><span style=\"font-weight: 400;\">25<\/span><\/p><\/td><\/tr><tr><td><p><b>8<\/b><\/p><\/td><td><p><span style=\"font-weight: 400;\">Jal\u0259 \u018fl\u0259sg\u0259rova<\/span><\/p><\/td><td><p><span style=\"font-weight: 400;\">25<\/span><\/p><\/td><\/tr><tr><td><p><b>9<\/b><\/p><\/td><td><p><span style=\"font-weight: 400;\">Ayd\u0131n Kaz\u0131mov<\/span><\/p><\/td><td><p><span style=\"font-weight: 400;\">25<\/span><\/p><\/td><\/tr><tr><td><p><b>10<\/b><\/p><\/td><td><p><span style=\"font-weight: 400;\">El\u00e7in Niyazov<\/span><\/p><\/td><td><p><span style=\"font-weight: 400;\">20<\/span><\/p><\/td><\/tr><tr><td><p><b>11<\/b><\/p><\/td><td><p><span style=\"font-weight: 400;\">Nizami M\u0259mm\u0259dli<\/span><\/p><\/td><td><p><span style=\"font-weight: 400;\">15<\/span><\/p><\/td><\/tr><tr><td><p><b>12<\/b><\/p><\/td><td><p><span style=\"font-weight: 400;\">Aliy\u0259 M\u0259mm\u0259dh\u0259s\u0259nzad\u0259<\/span><\/p><\/td><td><p><span style=\"font-weight: 400;\">10<\/span><\/p><\/td><\/tr><tr><td><p><b>13<\/b><\/p><\/td><td><p><span style=\"font-weight: 400;\">\u00dclvi Cabbarl\u0131<\/span><\/p><\/td><td><p><span style=\"font-weight: 400;\">10<\/span><\/p><\/td><\/tr><tr><td><p><b>14<\/b><\/p><\/td><td><p><span style=\"font-weight: 400;\">Mirz\u0259li \u018fs\u0259dov<\/span><\/p><\/td><td><p><span style=\"font-weight: 400;\">10<\/span><\/p><\/td><\/tr><tr><td><p><b>15<\/b><\/p><\/td><td><p><span style=\"font-weight: 400;\">Fidan Rzayeva<\/span><\/p><\/td><td><p><span style=\"font-weight: 400;\">10<\/span><\/p><\/td><\/tr><tr><td><p><b>16<\/b><\/p><\/td><td><p><span style=\"font-weight: 400;\">Gursel A\u011fayev<\/span><\/p><\/td><td><p><span style=\"font-weight: 400;\">10<\/span><\/p><\/td><\/tr><tr><td><p><b>17<\/b><\/p><\/td><td><p><span style=\"font-weight: 400;\">K\u0259nan \u0130brahimli<\/span><\/p><\/td><td><p><span style=\"font-weight: 400;\">8<\/span><\/p><\/td><\/tr><tr><td><p><b>18<\/b><\/p><\/td><td><p><span style=\"font-weight: 400;\">G\u00fclnar \u018fl\u0259sg\u0259rova<\/span><\/p><\/td><td><p><span style=\"font-weight: 400;\">6<\/span><\/p><\/td><\/tr><tr><td><p><b>19<\/b><\/p><\/td><td><p><span style=\"font-weight: 400;\">Bahar Quluzad\u0259<\/span><\/p><\/td><td><p><span style=\"font-weight: 400;\">5<\/span><\/p><\/td><\/tr><tr><td><p><b>20<\/b><\/p><\/td><td><p><span style=\"font-weight: 400;\">Elnar\u0259 Balaki\u015fiyeva<\/span><\/p><\/td><td><p><span style=\"font-weight: 400;\">5<\/span><\/p><\/td><\/tr><tr><td><p><b>21<\/b><\/p><\/td><td><p><span style=\"font-weight: 400;\">\u018fziz M\u0259mm\u0259dov<\/span><\/p><\/td><td><p><span style=\"font-weight: 400;\">5<\/span><\/p><\/td><\/tr><tr><td><p><b>22<\/b><\/p><\/td><td><p><span style=\"font-weight: 400;\">K\u0259nan \u0130mam\u0259liyev<\/span><\/p><\/td><td><p><span style=\"font-weight: 400;\">5<\/span><\/p><\/td><\/tr><tr><td><p><b>23<\/b><\/p><\/td><td><p><span style=\"font-weight: 400;\">\u018fli Verdiyev<\/span><\/p><\/td><td><p><span style=\"font-weight: 400;\">5<\/span><\/p><\/td><\/tr><tr><td><p><b>24<\/b><\/p><\/td><td><p><span style=\"font-weight: 400;\">Qulu Abdullazad\u0259<\/span><\/p><\/td><td><p><span style=\"font-weight: 400;\">5<\/span><\/p><\/td><\/tr><tr><td><p><b>25<\/b><\/p><\/td><td><p><span style=\"font-weight: 400;\">X\u0259z\u0259r Cabbarl\u0131<\/span><\/p><\/td><td><p><span style=\"font-weight: 400;\">5<\/span><\/p><\/td><\/tr><tr><td><p><b>26<\/b><\/p><\/td><td><p><span style=\"font-weight: 400;\">\u018fli Verdiyev\u00a0<\/span><\/p><\/td><td><p><span style=\"font-weight: 400;\">5<\/span><\/p><\/td><\/tr><tr><td><p><b>27<\/b><\/p><\/td><td><p><span style=\"font-weight: 400;\">Ay\u015fat Harunova\u00a0<\/span><\/p><\/td><td><p><span style=\"font-weight: 400;\">5<\/span><\/p><\/td><\/tr><tr><td><p><b>28<\/b><\/p><\/td><td><p><span style=\"font-weight: 400;\">G\u00fcnel F\u0259r\u0259cli<\/span><\/p><\/td><td><p><span style=\"font-weight: 400;\">5<\/span><\/p><\/td><\/tr><tr><td><p><b>29<\/b><\/p><\/td><td><p><span style=\"font-weight: 400;\">Reyhan \u018fliyeva<\/span><\/p><\/td><td><p><span style=\"font-weight: 400;\">5<\/span><\/p><\/td><\/tr><tr><td><p><b>30<\/b><\/p><\/td><td><p><span style=\"font-weight: 400;\">SAF H\u0259yat Namin\u0259 G\u0259ncl\u0259r \u0130B<\/span><\/p><\/td><td><p><span style=\"font-weight: 400;\">5<\/span><\/p><\/td><\/tr><tr><td><p><b>31<\/b><\/p><\/td><td><p><span style=\"font-weight: 400;\">Dinara Bayraml\u0131<\/span><\/p><\/td><td><p><span style=\"font-weight: 400;\">5<\/span><\/p><\/td><\/tr><tr><td><p><b>32<\/b><\/p><\/td><td><p><span style=\"font-weight: 400;\">Ayd\u0131n Harunov<\/span><\/p><\/td><td><p><span style=\"font-weight: 400;\">4<\/span><\/p><\/td><\/tr><tr><td><p><b>33<\/b><\/p><\/td><td><p><span style=\"font-weight: 400;\">Aytac \u018fmirquliyeva<\/span><\/p><\/td><td><p><span style=\"font-weight: 400;\">4<\/span><\/p><\/td><\/tr><tr><td><p><b>34<\/b><\/p><\/td><td><p><span style=\"font-weight: 400;\">Ayaz K\u0259rim<\/span><\/p><\/td><td><p><span style=\"font-weight: 400;\">3<\/span><\/p><\/td><\/tr><tr><td><p><b>35<\/b><\/p><\/td><td><p><span style=\"font-weight: 400;\">Elton \u018fmirov<\/span><\/p><\/td><td><p><span style=\"font-weight: 400;\">3<\/span><\/p><\/td><\/tr><tr><td><p><b>36<\/b><\/p><\/td><td><p><span style=\"font-weight: 400;\">Lal\u0259 \u018fhm\u0259dova<\/span><\/p><\/td><td><p><span style=\"font-weight: 400;\">3<\/span><\/p><\/td><\/tr><tr><td><p><b>37<\/b><\/p><\/td><td><p><span style=\"font-weight: 400;\">Novruz M\u0259mm\u0259dov<\/span><\/p><\/td><td><p><span style=\"font-weight: 400;\">3<\/span><\/p><\/td><\/tr><tr><td><p><b>38<\/b><\/p><\/td><td><p><span style=\"font-weight: 400;\">Sevinc M\u0259mm\u0259dova<\/span><\/p><\/td><td><p><span style=\"font-weight: 400;\">3<\/span><\/p><\/td><\/tr><tr><td><p><b>39<\/b><\/p><\/td><td><p><span style=\"font-weight: 400;\">Sevda Quliyeva<\/span><\/p><\/td><td><p><span style=\"font-weight: 400;\">3<\/span><\/p><\/td><\/tr><tr><td><p><b>40<\/b><\/p><\/td><td><p><span style=\"font-weight: 400;\">Esmira Allahverdiyeva<\/span><\/p><\/td><td><p><span style=\"font-weight: 400;\">3<\/span><\/p><\/td><\/tr><tr><td><p><b>41<\/b><\/p><\/td><td><p><span style=\"font-weight: 400;\">Nuray Musayeva<\/span><\/p><\/td><td><p><span style=\"font-weight: 400;\">2<\/span><\/p><\/td><\/tr><tr><td><p><b>42<\/b><\/p><\/td><td><p><span style=\"font-weight: 400;\">Sevda Bax\u015f\u0259liyeva<\/span><\/p><\/td><td><p><span style=\"font-weight: 400;\">1<\/span><\/p><\/td><\/tr><tr><td><p><b>43<\/b><\/p><\/td><td><p><span style=\"font-weight: 400;\">Tamerlan Na\u011f\u0131o\u011flu<\/span><\/p><\/td><td><p><span style=\"font-weight: 400;\">1<\/span><\/p><\/td><\/tr><tr><td><p><b>44<\/b><\/p><\/td><td><p><span style=\"font-weight: 400;\">\u00dclviyy\u0259 Bilali<\/span><\/p><\/td><td><p><span style=\"font-weight: 400;\">1<\/span><\/p><\/td><\/tr><tr><td><p><b>45<\/b><\/p><\/td><td><p><span style=\"font-weight: 400;\">Q\u0259m\u0259r Niftullayeva<\/span><\/p><\/td><td><p><span style=\"font-weight: 400;\">1<\/span><\/p><\/td><\/tr><tr><td><p><b>46<\/b><\/p><\/td><td><p><span style=\"font-weight: 400;\">Aysel Zamanova<\/span><\/p><\/td><td><p><span style=\"font-weight: 400;\">1<\/span><\/p><\/td><\/tr><tr><td>\u00a0<\/td><td><p><b>C\u0259mi<\/b><\/p><\/td><td><p><b>910<\/b><\/p><\/td><\/tr><\/tbody><\/table><p style=\"text-align: center;\"><br \/><br \/><\/p>\t\t\t\t\t\t<\/div>\n\t\t\t\t<\/div>\n\t\t\t\t\t<\/div>\n\t\t<\/div>\n\t\t\t\t\t\t\t<\/div>\n\t\t<\/section>\n\t\t\t\t\t\t<\/div>\n\t\t\t\t\t<\/div>\n\t\t","protected":false},"excerpt":{"rendered":"<p>TAB\u0130AT h\u0259r\u0259kat\u0131na d\u0259st\u0259k olanlar\u0131n siyah\u0131s\u0131 No Ba\u011f\u0131\u015flayan \u015f\u0259xsin ad\u0131, soyad\u0131 Ba\u011f\u0131\u015flad\u0131\u011f\u0131 fidan say\u0131 1 F\u0259rhad Qara\u015fov 150 2 Hikm\u0259t M\u0259mm\u0259dov 100 3 Heyd\u0259r \u0130brahimov 100 4 V\u00fcsal \u0130brahimov 100 5 T\u0259ran\u0259 Pa\u015fayeva\u00a0 100 6 Dr. Fizuli H\u00fcseynov 100 7 Anar M\u0259mm\u0259dov 25 8 Jal\u0259 \u018fl\u0259sg\u0259rova 25 9 Ayd\u0131n Kaz\u0131mov 25 10 El\u00e7in Niyazov 20 11 &#8230;<\/p>\n","protected":false},"author":1,"featured_media":0,"parent":0,"menu_order":0,"comment_status":"closed","ping_status":"closed","template":"","meta":[],"yoast_head":"<!-- This site is optimized with the Yoast SEO plugin v17.4 - https:\/\/yoast.com\/wordpress\/plugins\/seo\/ -->\n<title>F\u0130Z\u0130K\u0130 \u015e\u018fXSL\u018fR - T\u00fcrkiy\u0259 Az\u0259rbaycan Birliyinin \u0130nki\u015faf\u0131 Ad\u0131na A\u011fac\u0259km\u0259 T\u0259\u015f\u0259bb\u00fcs\u00fc H\u0259r\u0259kat\u0131<\/title>\n<meta name=\"robots\" content=\"index, follow, max-snippet:-1, max-image-preview:large, max-video-preview:-1\" \/>\n<link rel=\"canonical\" href=\"https:\/\/oygib.az\/tabiat\/fiziki\/\" \/>\n<meta property=\"og:locale\" content=\"en_US\" \/>\n<meta property=\"og:type\" content=\"article\" \/>\n<meta property=\"og:title\" content=\"F\u0130Z\u0130K\u0130 \u015e\u018fXSL\u018fR - T\u00fcrkiy\u0259 Az\u0259rbaycan Birliyinin \u0130nki\u015faf\u0131 Ad\u0131na A\u011fac\u0259km\u0259 T\u0259\u015f\u0259bb\u00fcs\u00fc H\u0259r\u0259kat\u0131\" \/>\n<meta property=\"og:description\" content=\"TAB\u0130AT h\u0259r\u0259kat\u0131na d\u0259st\u0259k olanlar\u0131n siyah\u0131s\u0131 No Ba\u011f\u0131\u015flayan \u015f\u0259xsin ad\u0131, soyad\u0131 Ba\u011f\u0131\u015flad\u0131\u011f\u0131 fidan say\u0131 1 F\u0259rhad Qara\u015fov 150 2 Hikm\u0259t M\u0259mm\u0259dov 100 3 Heyd\u0259r \u0130brahimov 100 4 V\u00fcsal \u0130brahimov 100 5 T\u0259ran\u0259 Pa\u015fayeva\u00a0 100 6 Dr. Fizuli H\u00fcseynov 100 7 Anar M\u0259mm\u0259dov 25 8 Jal\u0259 \u018fl\u0259sg\u0259rova 25 9 Ayd\u0131n Kaz\u0131mov 25 10 El\u00e7in Niyazov 20 11 ...\" \/>\n<meta property=\"og:url\" content=\"https:\/\/oygib.az\/tabiat\/fiziki\/\" \/>\n<meta property=\"og:site_name\" content=\"T\u00fcrkiy\u0259 Az\u0259rbaycan Birliyinin \u0130nki\u015faf\u0131 Ad\u0131na A\u011fac\u0259km\u0259 T\u0259\u015f\u0259bb\u00fcs\u00fc H\u0259r\u0259kat\u0131\" \/>\n<meta property=\"article:publisher\" content=\"https:\/\/www.facebook.com\/odlaryurduyouth\" \/>\n<meta property=\"article:modified_time\" content=\"2021-10-29T11:35:41+00:00\" \/>\n<meta property=\"og:image\" content=\"https:\/\/oygib.az\/tabiat\/wp-content\/uploads\/2021\/08\/photo5208807290457666677.jpg\" \/>\n\t<meta property=\"og:image:width\" content=\"1280\" \/>\n\t<meta property=\"og:image:height\" content=\"1280\" \/>\n<meta name=\"twitter:card\" content=\"summary_large_image\" \/>\n<meta name=\"twitter:label1\" content=\"Est. reading time\" \/>\n\t<meta name=\"twitter:data1\" content=\"1 minute\" \/>\n<script type=\"application\/ld+json\" class=\"yoast-schema-graph\">{\"@context\":\"https:\/\/schema.org\",\"@graph\":[{\"@type\":\"Organization\",\"@id\":\"https:\/\/oygib.az\/tabiat\/#organization\",\"name\":\"TAB\\u0130AT H\\u0259r\\u0259kat\\u0131\",\"url\":\"https:\/\/oygib.az\/tabiat\/\",\"sameAs\":[\"https:\/\/www.facebook.com\/odlaryurduyouth\",\"https:\/\/www.instagram.com\/odlaryurduyouth\/\"],\"logo\":{\"@type\":\"ImageObject\",\"@id\":\"https:\/\/oygib.az\/tabiat\/#logo\",\"inLanguage\":\"en-US\",\"url\":\"https:\/\/oygib.az\/tabiat\/wp-content\/uploads\/2021\/08\/photo5208807290457666677.jpg\",\"contentUrl\":\"https:\/\/oygib.az\/tabiat\/wp-content\/uploads\/2021\/08\/photo5208807290457666677.jpg\",\"width\":1280,\"height\":1280,\"caption\":\"TAB\\u0130AT H\\u0259r\\u0259kat\\u0131\"},\"image\":{\"@id\":\"https:\/\/oygib.az\/tabiat\/#logo\"}},{\"@type\":\"WebSite\",\"@id\":\"https:\/\/oygib.az\/tabiat\/#website\",\"url\":\"https:\/\/oygib.az\/tabiat\/\",\"name\":\"T\\u00fcrkiy\\u0259 Az\\u0259rbaycan Birliyinin \\u0130nki\\u015faf\\u0131 Ad\\u0131na A\\u011fac\\u0259km\\u0259 T\\u0259\\u015f\\u0259bb\\u00fcs\\u00fc H\\u0259r\\u0259kat\\u0131\",\"description\":\"T\\u00fcrkiy\\u0259y\\u0259 d\\u0259st\\u0259k Platformas\\u0131\",\"publisher\":{\"@id\":\"https:\/\/oygib.az\/tabiat\/#organization\"},\"potentialAction\":[{\"@type\":\"SearchAction\",\"target\":{\"@type\":\"EntryPoint\",\"urlTemplate\":\"https:\/\/oygib.az\/tabiat\/?s={search_term_string}\"},\"query-input\":\"required name=search_term_string\"}],\"inLanguage\":\"en-US\"},{\"@type\":\"WebPage\",\"@id\":\"https:\/\/oygib.az\/tabiat\/fiziki\/#webpage\",\"url\":\"https:\/\/oygib.az\/tabiat\/fiziki\/\",\"name\":\"F\\u0130Z\\u0130K\\u0130 \\u015e\\u018fXSL\\u018fR - T\\u00fcrkiy\\u0259 Az\\u0259rbaycan Birliyinin \\u0130nki\\u015faf\\u0131 Ad\\u0131na A\\u011fac\\u0259km\\u0259 T\\u0259\\u015f\\u0259bb\\u00fcs\\u00fc H\\u0259r\\u0259kat\\u0131\",\"isPartOf\":{\"@id\":\"https:\/\/oygib.az\/tabiat\/#website\"},\"datePublished\":\"2021-08-27T12:58:50+00:00\",\"dateModified\":\"2021-10-29T11:35:41+00:00\",\"breadcrumb\":{\"@id\":\"https:\/\/oygib.az\/tabiat\/fiziki\/#breadcrumb\"},\"inLanguage\":\"en-US\",\"potentialAction\":[{\"@type\":\"ReadAction\",\"target\":[\"https:\/\/oygib.az\/tabiat\/fiziki\/\"]}]},{\"@type\":\"BreadcrumbList\",\"@id\":\"https:\/\/oygib.az\/tabiat\/fiziki\/#breadcrumb\",\"itemListElement\":[{\"@type\":\"ListItem\",\"position\":1,\"name\":\"Home\",\"item\":\"https:\/\/oygib.az\/tabiat\/\"},{\"@type\":\"ListItem\",\"position\":2,\"name\":\"F\\u0130Z\\u0130K\\u0130 \\u015e\\u018fXSL\\u018fR\"}]}]}<\/script>\n<!-- \/ Yoast SEO plugin. -->","yoast_head_json":{"title":"F\u0130Z\u0130K\u0130 \u015e\u018fXSL\u018fR - T\u00fcrkiy\u0259 Az\u0259rbaycan Birliyinin \u0130nki\u015faf\u0131 Ad\u0131na A\u011fac\u0259km\u0259 T\u0259\u015f\u0259bb\u00fcs\u00fc H\u0259r\u0259kat\u0131","robots":{"index":"index","follow":"follow","max-snippet":"max-snippet:-1","max-image-preview":"max-image-preview:large","max-video-preview":"max-video-preview:-1"},"canonical":"https:\/\/oygib.az\/tabiat\/fiziki\/","og_locale":"en_US","og_type":"article","og_title":"F\u0130Z\u0130K\u0130 \u015e\u018fXSL\u018fR - T\u00fcrkiy\u0259 Az\u0259rbaycan Birliyinin \u0130nki\u015faf\u0131 Ad\u0131na A\u011fac\u0259km\u0259 T\u0259\u015f\u0259bb\u00fcs\u00fc H\u0259r\u0259kat\u0131","og_description":"TAB\u0130AT h\u0259r\u0259kat\u0131na d\u0259st\u0259k olanlar\u0131n siyah\u0131s\u0131 No Ba\u011f\u0131\u015flayan \u015f\u0259xsin ad\u0131, soyad\u0131 Ba\u011f\u0131\u015flad\u0131\u011f\u0131 fidan say\u0131 1 F\u0259rhad Qara\u015fov 150 2 Hikm\u0259t M\u0259mm\u0259dov 100 3 Heyd\u0259r \u0130brahimov 100 4 V\u00fcsal \u0130brahimov 100 5 T\u0259ran\u0259 Pa\u015fayeva\u00a0 100 6 Dr. Fizuli H\u00fcseynov 100 7 Anar M\u0259mm\u0259dov 25 8 Jal\u0259 \u018fl\u0259sg\u0259rova 25 9 Ayd\u0131n Kaz\u0131mov 25 10 El\u00e7in Niyazov 20 11 ...","og_url":"https:\/\/oygib.az\/tabiat\/fiziki\/","og_site_name":"T\u00fcrkiy\u0259 Az\u0259rbaycan Birliyinin \u0130nki\u015faf\u0131 Ad\u0131na A\u011fac\u0259km\u0259 T\u0259\u015f\u0259bb\u00fcs\u00fc H\u0259r\u0259kat\u0131","article_publisher":"https:\/\/www.facebook.com\/odlaryurduyouth","article_modified_time":"2021-10-29T11:35:41+00:00","og_image":[{"width":1280,"height":1280,"url":"https:\/\/oygib.az\/tabiat\/wp-content\/uploads\/2021\/08\/photo5208807290457666677.jpg","type":"image\/jpeg"}],"twitter_card":"summary_large_image","twitter_misc":{"Est. reading time":"1 minute"},"schema":{"@context":"https:\/\/schema.org","@graph":[{"@type":"Organization","@id":"https:\/\/oygib.az\/tabiat\/#organization","name":"TAB\u0130AT H\u0259r\u0259kat\u0131","url":"https:\/\/oygib.az\/tabiat\/","sameAs":["https:\/\/www.facebook.com\/odlaryurduyouth","https:\/\/www.instagram.com\/odlaryurduyouth\/"],"logo":{"@type":"ImageObject","@id":"https:\/\/oygib.az\/tabiat\/#logo","inLanguage":"en-US","url":"https:\/\/oygib.az\/tabiat\/wp-content\/uploads\/2021\/08\/photo5208807290457666677.jpg","contentUrl":"https:\/\/oygib.az\/tabiat\/wp-content\/uploads\/2021\/08\/photo5208807290457666677.jpg","width":1280,"height":1280,"caption":"TAB\u0130AT H\u0259r\u0259kat\u0131"},"image":{"@id":"https:\/\/oygib.az\/tabiat\/#logo"}},{"@type":"WebSite","@id":"https:\/\/oygib.az\/tabiat\/#website","url":"https:\/\/oygib.az\/tabiat\/","name":"T\u00fcrkiy\u0259 Az\u0259rbaycan Birliyinin \u0130nki\u015faf\u0131 Ad\u0131na A\u011fac\u0259km\u0259 T\u0259\u015f\u0259bb\u00fcs\u00fc H\u0259r\u0259kat\u0131","description":"T\u00fcrkiy\u0259y\u0259 d\u0259st\u0259k Platformas\u0131","publisher":{"@id":"https:\/\/oygib.az\/tabiat\/#organization"},"potentialAction":[{"@type":"SearchAction","target":{"@type":"EntryPoint","urlTemplate":"https:\/\/oygib.az\/tabiat\/?s={search_term_string}"},"query-input":"required name=search_term_string"}],"inLanguage":"en-US"},{"@type":"WebPage","@id":"https:\/\/oygib.az\/tabiat\/fiziki\/#webpage","url":"https:\/\/oygib.az\/tabiat\/fiziki\/","name":"F\u0130Z\u0130K\u0130 \u015e\u018fXSL\u018fR - T\u00fcrkiy\u0259 Az\u0259rbaycan Birliyinin \u0130nki\u015faf\u0131 Ad\u0131na A\u011fac\u0259km\u0259 T\u0259\u015f\u0259bb\u00fcs\u00fc H\u0259r\u0259kat\u0131","isPartOf":{"@id":"https:\/\/oygib.az\/tabiat\/#website"},"datePublished":"2021-08-27T12:58:50+00:00","dateModified":"2021-10-29T11:35:41+00:00","breadcrumb":{"@id":"https:\/\/oygib.az\/tabiat\/fiziki\/#breadcrumb"},"inLanguage":"en-US","potentialAction":[{"@type":"ReadAction","target":["https:\/\/oygib.az\/tabiat\/fiziki\/"]}]},{"@type":"BreadcrumbList","@id":"https:\/\/oygib.az\/tabiat\/fiziki\/#breadcrumb","itemListElement":[{"@type":"ListItem","position":1,"name":"Home","item":"https:\/\/oygib.az\/tabiat\/"},{"@type":"ListItem","position":2,"name":"F\u0130Z\u0130K\u0130 \u015e\u018fXSL\u018fR"}]}]}},"_links":{"self":[{"href":"https:\/\/oygib.az\/tabiat\/wp-json\/wp\/v2\/pages\/10367"}],"collection":[{"href":"https:\/\/oygib.az\/tabiat\/wp-json\/wp\/v2\/pages"}],"about":[{"href":"https:\/\/oygib.az\/tabiat\/wp-json\/wp\/v2\/types\/page"}],"author":[{"embeddable":true,"href":"https:\/\/oygib.az\/tabiat\/wp-json\/wp\/v2\/users\/1"}],"replies":[{"embeddable":true,"href":"https:\/\/oygib.az\/tabiat\/wp-json\/wp\/v2\/comments?post=10367"}],"version-history":[{"count":28,"href":"https:\/\/oygib.az\/tabiat\/wp-json\/wp\/v2\/pages\/10367\/revisions"}],"predecessor-version":[{"id":10569,"href":"https:\/\/oygib.az\/tabiat\/wp-json\/wp\/v2\/pages\/10367\/revisions\/10569"}],"wp:attachment":[{"href":"https:\/\/oygib.az\/tabiat\/wp-json\/wp\/v2\/media?parent=10367"}],"curies":[{"name":"wp","href":"https:\/\/api.w.org\/{rel}","templated":true}]}}