{"id":10370,"date":"2021-08-27T12:59:30","date_gmt":"2021-08-27T12:59:30","guid":{"rendered":"https:\/\/oygib.az\/tabiat\/?page_id=10370"},"modified":"2021-10-16T10:31:36","modified_gmt":"2021-10-16T10:31:36","slug":"huquqi","status":"publish","type":"page","link":"https:\/\/oygib.az\/tabiat\/huquqi\/","title":{"rendered":"H\u00dcQUQ\u0130 \u015e\u018fXSL\u018fR"},"content":{"rendered":"\t\t<div data-elementor-type=\"wp-page\" data-elementor-id=\"10370\" class=\"elementor elementor-10370\" data-elementor-settings=\"[]\">\n\t\t\t\t\t\t\t<div class=\"elementor-section-wrap\">\n\t\t\t\t\t\t\t<section class=\"elementor-section elementor-top-section elementor-element elementor-element-3bf459b elementor-section-boxed elementor-section-height-default elementor-section-height-default\" data-id=\"3bf459b\" data-element_type=\"section\">\n\t\t\t\t\t\t<div class=\"elementor-container elementor-column-gap-default\">\n\t\t\t\t\t<div class=\"elementor-column elementor-col-33 elementor-top-column elementor-element elementor-element-3888c77\" data-id=\"3888c77\" data-element_type=\"column\">\n\t\t\t<div class=\"elementor-widget-wrap elementor-element-populated\">\n\t\t\t\t\t\t\t\t<div class=\"elementor-element elementor-element-94490a5 elementor-position-top elementor-vertical-align-top elementor-widget elementor-widget-image-box\" data-id=\"94490a5\" data-element_type=\"widget\" data-widget_type=\"image-box.default\">\n\t\t\t\t<div class=\"elementor-widget-container\">\n\t\t\t<div class=\"elementor-image-box-wrapper\"><figure class=\"elementor-image-box-img\"><img width=\"300\" height=\"300\" src=\"https:\/\/oygib.az\/tabiat\/wp-content\/uploads\/2021\/10\/001-logo-300x300.png\" class=\"attachment-medium size-medium\" alt=\"\" loading=\"lazy\" srcset=\"https:\/\/oygib.az\/tabiat\/wp-content\/uploads\/2021\/10\/001-logo-300x300.png 300w, https:\/\/oygib.az\/tabiat\/wp-content\/uploads\/2021\/10\/001-logo-150x150.png 150w, https:\/\/oygib.az\/tabiat\/wp-content\/uploads\/2021\/10\/001-logo-95x95.png 95w, https:\/\/oygib.az\/tabiat\/wp-content\/uploads\/2021\/10\/001-logo.png 534w\" sizes=\"(max-width: 300px) 100vw, 300px\" \/><\/figure><div class=\"elementor-image-box-content\"><p class=\"elementor-image-box-title\">Ki\u00e7ik v\u0259 Orta Biznes Subyektl\u0259ri v\u0259 Klublar\u0131n\u0131n Assosiasiyas\u0131<\/p><p class=\"elementor-image-box-description\">85-a\u011fac fidan\u0131 ba\u011f\u0131\u015flad\u0131!<\/p><\/div><\/div>\t\t<\/div>\n\t\t\t\t<\/div>\n\t\t\t\t\t<\/div>\n\t\t<\/div>\n\t\t\t\t<div class=\"elementor-column elementor-col-33 elementor-top-column elementor-element elementor-element-bc2a977\" data-id=\"bc2a977\" data-element_type=\"column\">\n\t\t\t<div class=\"elementor-widget-wrap elementor-element-populated\">\n\t\t\t\t\t\t\t\t<div class=\"elementor-element elementor-element-ee86ee3 elementor-position-top elementor-vertical-align-top elementor-widget elementor-widget-image-box\" data-id=\"ee86ee3\" data-element_type=\"widget\" data-widget_type=\"image-box.default\">\n\t\t\t\t<div class=\"elementor-widget-container\">\n\t\t\t<div class=\"elementor-image-box-wrapper\"><figure class=\"elementor-image-box-img\"><img width=\"297\" height=\"170\" src=\"https:\/\/oygib.az\/tabiat\/wp-content\/uploads\/2021\/09\/SAF_H\u0259yat_Namin\u0259_G\u0259ncl\u0259r_I\u0307ctimai_Birliyi.jpeg\" class=\"attachment-medium size-medium\" alt=\"\" loading=\"lazy\" \/><\/figure><div class=\"elementor-image-box-content\"><p class=\"elementor-image-box-title\">\"SAF H\u0259yat Namin\u0259\" G\u0259ncl\u0259r \u0130ctimai Birliyi<\/p><p class=\"elementor-image-box-description\">5-a\u011fac fidan\u0131 ba\u011f\u0131\u015flad\u0131!<\/p><\/div><\/div>\t\t<\/div>\n\t\t\t\t<\/div>\n\t\t\t\t\t<\/div>\n\t\t<\/div>\n\t\t\t\t<div class=\"elementor-column elementor-col-33 elementor-top-column elementor-element elementor-element-f93878f\" data-id=\"f93878f\" data-element_type=\"column\">\n\t\t\t<div class=\"elementor-widget-wrap\">\n\t\t\t\t\t\t\t\t\t<\/div>\n\t\t<\/div>\n\t\t\t\t\t\t\t<\/div>\n\t\t<\/section>\n\t\t\t\t\t\t<\/div>\n\t\t\t\t\t<\/div>\n\t\t","protected":false},"excerpt":{"rendered":"<p>Ki\u00e7ik v\u0259 Orta Biznes Subyektl\u0259ri v\u0259 Klublar\u0131n\u0131n Assosiasiyas\u0131 85-a\u011fac fidan\u0131 ba\u011f\u0131\u015flad\u0131! &#8220;SAF H\u0259yat Namin\u0259&#8221; G\u0259ncl\u0259r \u0130ctimai Birliyi 5-a\u011fac fidan\u0131 ba\u011f\u0131\u015flad\u0131!<\/p>\n","protected":false},"author":1,"featured_media":0,"parent":0,"menu_order":0,"comment_status":"closed","ping_status":"closed","template":"","meta":[],"yoast_head":"<!-- This site is optimized with the Yoast SEO plugin v17.4 - https:\/\/yoast.com\/wordpress\/plugins\/seo\/ -->\n<title>H\u00dcQUQ\u0130 \u015e\u018fXSL\u018fR - T\u00fcrkiy\u0259 Az\u0259rbaycan Birliyinin \u0130nki\u015faf\u0131 Ad\u0131na A\u011fac\u0259km\u0259 T\u0259\u015f\u0259bb\u00fcs\u00fc H\u0259r\u0259kat\u0131<\/title>\n<meta name=\"robots\" content=\"index, follow, max-snippet:-1, max-image-preview:large, max-video-preview:-1\" \/>\n<link rel=\"canonical\" href=\"https:\/\/oygib.az\/tabiat\/huquqi\/\" \/>\n<meta property=\"og:locale\" content=\"en_US\" \/>\n<meta property=\"og:type\" content=\"article\" \/>\n<meta property=\"og:title\" content=\"H\u00dcQUQ\u0130 \u015e\u018fXSL\u018fR - T\u00fcrkiy\u0259 Az\u0259rbaycan Birliyinin \u0130nki\u015faf\u0131 Ad\u0131na A\u011fac\u0259km\u0259 T\u0259\u015f\u0259bb\u00fcs\u00fc H\u0259r\u0259kat\u0131\" \/>\n<meta property=\"og:description\" content=\"Ki\u00e7ik v\u0259 Orta Biznes Subyektl\u0259ri v\u0259 Klublar\u0131n\u0131n Assosiasiyas\u0131 85-a\u011fac fidan\u0131 ba\u011f\u0131\u015flad\u0131! &#8220;SAF H\u0259yat Namin\u0259&#8221; G\u0259ncl\u0259r \u0130ctimai Birliyi 5-a\u011fac fidan\u0131 ba\u011f\u0131\u015flad\u0131!\" \/>\n<meta property=\"og:url\" content=\"https:\/\/oygib.az\/tabiat\/huquqi\/\" \/>\n<meta property=\"og:site_name\" content=\"T\u00fcrkiy\u0259 Az\u0259rbaycan Birliyinin \u0130nki\u015faf\u0131 Ad\u0131na A\u011fac\u0259km\u0259 T\u0259\u015f\u0259bb\u00fcs\u00fc H\u0259r\u0259kat\u0131\" \/>\n<meta property=\"article:publisher\" content=\"https:\/\/www.facebook.com\/odlaryurduyouth\" \/>\n<meta property=\"article:modified_time\" content=\"2021-10-16T10:31:36+00:00\" \/>\n<meta property=\"og:image\" content=\"https:\/\/oygib.az\/tabiat\/wp-content\/uploads\/2021\/10\/001-logo-300x300.png\" \/>\n<meta name=\"twitter:card\" content=\"summary_large_image\" \/>\n<script type=\"application\/ld+json\" class=\"yoast-schema-graph\">{\"@context\":\"https:\/\/schema.org\",\"@graph\":[{\"@type\":\"Organization\",\"@id\":\"https:\/\/oygib.az\/tabiat\/#organization\",\"name\":\"TAB\\u0130AT H\\u0259r\\u0259kat\\u0131\",\"url\":\"https:\/\/oygib.az\/tabiat\/\",\"sameAs\":[\"https:\/\/www.facebook.com\/odlaryurduyouth\",\"https:\/\/www.instagram.com\/odlaryurduyouth\/\"],\"logo\":{\"@type\":\"ImageObject\",\"@id\":\"https:\/\/oygib.az\/tabiat\/#logo\",\"inLanguage\":\"en-US\",\"url\":\"https:\/\/oygib.az\/tabiat\/wp-content\/uploads\/2021\/08\/photo5208807290457666677.jpg\",\"contentUrl\":\"https:\/\/oygib.az\/tabiat\/wp-content\/uploads\/2021\/08\/photo5208807290457666677.jpg\",\"width\":1280,\"height\":1280,\"caption\":\"TAB\\u0130AT H\\u0259r\\u0259kat\\u0131\"},\"image\":{\"@id\":\"https:\/\/oygib.az\/tabiat\/#logo\"}},{\"@type\":\"WebSite\",\"@id\":\"https:\/\/oygib.az\/tabiat\/#website\",\"url\":\"https:\/\/oygib.az\/tabiat\/\",\"name\":\"T\\u00fcrkiy\\u0259 Az\\u0259rbaycan Birliyinin \\u0130nki\\u015faf\\u0131 Ad\\u0131na A\\u011fac\\u0259km\\u0259 T\\u0259\\u015f\\u0259bb\\u00fcs\\u00fc H\\u0259r\\u0259kat\\u0131\",\"description\":\"T\\u00fcrkiy\\u0259y\\u0259 d\\u0259st\\u0259k Platformas\\u0131\",\"publisher\":{\"@id\":\"https:\/\/oygib.az\/tabiat\/#organization\"},\"potentialAction\":[{\"@type\":\"SearchAction\",\"target\":{\"@type\":\"EntryPoint\",\"urlTemplate\":\"https:\/\/oygib.az\/tabiat\/?s={search_term_string}\"},\"query-input\":\"required name=search_term_string\"}],\"inLanguage\":\"en-US\"},{\"@type\":\"ImageObject\",\"@id\":\"https:\/\/oygib.az\/tabiat\/huquqi\/#primaryimage\",\"inLanguage\":\"en-US\",\"url\":\"https:\/\/oygib.az\/tabiat\/wp-content\/uploads\/2021\/10\/001-logo.png\",\"contentUrl\":\"https:\/\/oygib.az\/tabiat\/wp-content\/uploads\/2021\/10\/001-logo.png\",\"width\":534,\"height\":534},{\"@type\":\"WebPage\",\"@id\":\"https:\/\/oygib.az\/tabiat\/huquqi\/#webpage\",\"url\":\"https:\/\/oygib.az\/tabiat\/huquqi\/\",\"name\":\"H\\u00dcQUQ\\u0130 \\u015e\\u018fXSL\\u018fR - T\\u00fcrkiy\\u0259 Az\\u0259rbaycan Birliyinin \\u0130nki\\u015faf\\u0131 Ad\\u0131na A\\u011fac\\u0259km\\u0259 T\\u0259\\u015f\\u0259bb\\u00fcs\\u00fc H\\u0259r\\u0259kat\\u0131\",\"isPartOf\":{\"@id\":\"https:\/\/oygib.az\/tabiat\/#website\"},\"primaryImageOfPage\":{\"@id\":\"https:\/\/oygib.az\/tabiat\/huquqi\/#primaryimage\"},\"datePublished\":\"2021-08-27T12:59:30+00:00\",\"dateModified\":\"2021-10-16T10:31:36+00:00\",\"breadcrumb\":{\"@id\":\"https:\/\/oygib.az\/tabiat\/huquqi\/#breadcrumb\"},\"inLanguage\":\"en-US\",\"potentialAction\":[{\"@type\":\"ReadAction\",\"target\":[\"https:\/\/oygib.az\/tabiat\/huquqi\/\"]}]},{\"@type\":\"BreadcrumbList\",\"@id\":\"https:\/\/oygib.az\/tabiat\/huquqi\/#breadcrumb\",\"itemListElement\":[{\"@type\":\"ListItem\",\"position\":1,\"name\":\"Home\",\"item\":\"https:\/\/oygib.az\/tabiat\/\"},{\"@type\":\"ListItem\",\"position\":2,\"name\":\"H\\u00dcQUQ\\u0130 \\u015e\\u018fXSL\\u018fR\"}]}]}<\/script>\n<!-- \/ Yoast SEO plugin. -->","yoast_head_json":{"title":"H\u00dcQUQ\u0130 \u015e\u018fXSL\u018fR - T\u00fcrkiy\u0259 Az\u0259rbaycan Birliyinin \u0130nki\u015faf\u0131 Ad\u0131na A\u011fac\u0259km\u0259 T\u0259\u015f\u0259bb\u00fcs\u00fc H\u0259r\u0259kat\u0131","robots":{"index":"index","follow":"follow","max-snippet":"max-snippet:-1","max-image-preview":"max-image-preview:large","max-video-preview":"max-video-preview:-1"},"canonical":"https:\/\/oygib.az\/tabiat\/huquqi\/","og_locale":"en_US","og_type":"article","og_title":"H\u00dcQUQ\u0130 \u015e\u018fXSL\u018fR - T\u00fcrkiy\u0259 Az\u0259rbaycan Birliyinin \u0130nki\u015faf\u0131 Ad\u0131na A\u011fac\u0259km\u0259 T\u0259\u015f\u0259bb\u00fcs\u00fc H\u0259r\u0259kat\u0131","og_description":"Ki\u00e7ik v\u0259 Orta Biznes Subyektl\u0259ri v\u0259 Klublar\u0131n\u0131n Assosiasiyas\u0131 85-a\u011fac fidan\u0131 ba\u011f\u0131\u015flad\u0131! &#8220;SAF H\u0259yat Namin\u0259&#8221; G\u0259ncl\u0259r \u0130ctimai Birliyi 5-a\u011fac fidan\u0131 ba\u011f\u0131\u015flad\u0131!","og_url":"https:\/\/oygib.az\/tabiat\/huquqi\/","og_site_name":"T\u00fcrkiy\u0259 Az\u0259rbaycan Birliyinin \u0130nki\u015faf\u0131 Ad\u0131na A\u011fac\u0259km\u0259 T\u0259\u015f\u0259bb\u00fcs\u00fc H\u0259r\u0259kat\u0131","article_publisher":"https:\/\/www.facebook.com\/odlaryurduyouth","article_modified_time":"2021-10-16T10:31:36+00:00","og_image":[{"url":"https:\/\/oygib.az\/tabiat\/wp-content\/uploads\/2021\/10\/001-logo-300x300.png"}],"twitter_card":"summary_large_image","schema":{"@context":"https:\/\/schema.org","@graph":[{"@type":"Organization","@id":"https:\/\/oygib.az\/tabiat\/#organization","name":"TAB\u0130AT H\u0259r\u0259kat\u0131","url":"https:\/\/oygib.az\/tabiat\/","sameAs":["https:\/\/www.facebook.com\/odlaryurduyouth","https:\/\/www.instagram.com\/odlaryurduyouth\/"],"logo":{"@type":"ImageObject","@id":"https:\/\/oygib.az\/tabiat\/#logo","inLanguage":"en-US","url":"https:\/\/oygib.az\/tabiat\/wp-content\/uploads\/2021\/08\/photo5208807290457666677.jpg","contentUrl":"https:\/\/oygib.az\/tabiat\/wp-content\/uploads\/2021\/08\/photo5208807290457666677.jpg","width":1280,"height":1280,"caption":"TAB\u0130AT H\u0259r\u0259kat\u0131"},"image":{"@id":"https:\/\/oygib.az\/tabiat\/#logo"}},{"@type":"WebSite","@id":"https:\/\/oygib.az\/tabiat\/#website","url":"https:\/\/oygib.az\/tabiat\/","name":"T\u00fcrkiy\u0259 Az\u0259rbaycan Birliyinin \u0130nki\u015faf\u0131 Ad\u0131na A\u011fac\u0259km\u0259 T\u0259\u015f\u0259bb\u00fcs\u00fc H\u0259r\u0259kat\u0131","description":"T\u00fcrkiy\u0259y\u0259 d\u0259st\u0259k Platformas\u0131","publisher":{"@id":"https:\/\/oygib.az\/tabiat\/#organization"},"potentialAction":[{"@type":"SearchAction","target":{"@type":"EntryPoint","urlTemplate":"https:\/\/oygib.az\/tabiat\/?s={search_term_string}"},"query-input":"required name=search_term_string"}],"inLanguage":"en-US"},{"@type":"ImageObject","@id":"https:\/\/oygib.az\/tabiat\/huquqi\/#primaryimage","inLanguage":"en-US","url":"https:\/\/oygib.az\/tabiat\/wp-content\/uploads\/2021\/10\/001-logo.png","contentUrl":"https:\/\/oygib.az\/tabiat\/wp-content\/uploads\/2021\/10\/001-logo.png","width":534,"height":534},{"@type":"WebPage","@id":"https:\/\/oygib.az\/tabiat\/huquqi\/#webpage","url":"https:\/\/oygib.az\/tabiat\/huquqi\/","name":"H\u00dcQUQ\u0130 \u015e\u018fXSL\u018fR - T\u00fcrkiy\u0259 Az\u0259rbaycan Birliyinin \u0130nki\u015faf\u0131 Ad\u0131na A\u011fac\u0259km\u0259 T\u0259\u015f\u0259bb\u00fcs\u00fc H\u0259r\u0259kat\u0131","isPartOf":{"@id":"https:\/\/oygib.az\/tabiat\/#website"},"primaryImageOfPage":{"@id":"https:\/\/oygib.az\/tabiat\/huquqi\/#primaryimage"},"datePublished":"2021-08-27T12:59:30+00:00","dateModified":"2021-10-16T10:31:36+00:00","breadcrumb":{"@id":"https:\/\/oygib.az\/tabiat\/huquqi\/#breadcrumb"},"inLanguage":"en-US","potentialAction":[{"@type":"ReadAction","target":["https:\/\/oygib.az\/tabiat\/huquqi\/"]}]},{"@type":"BreadcrumbList","@id":"https:\/\/oygib.az\/tabiat\/huquqi\/#breadcrumb","itemListElement":[{"@type":"ListItem","position":1,"name":"Home","item":"https:\/\/oygib.az\/tabiat\/"},{"@type":"ListItem","position":2,"name":"H\u00dcQUQ\u0130 \u015e\u018fXSL\u018fR"}]}]}},"_links":{"self":[{"href":"https:\/\/oygib.az\/tabiat\/wp-json\/wp\/v2\/pages\/10370"}],"collection":[{"href":"https:\/\/oygib.az\/tabiat\/wp-json\/wp\/v2\/pages"}],"about":[{"href":"https:\/\/oygib.az\/tabiat\/wp-json\/wp\/v2\/types\/page"}],"author":[{"embeddable":true,"href":"https:\/\/oygib.az\/tabiat\/wp-json\/wp\/v2\/users\/1"}],"replies":[{"embeddable":true,"href":"https:\/\/oygib.az\/tabiat\/wp-json\/wp\/v2\/comments?post=10370"}],"version-history":[{"count":29,"href":"https:\/\/oygib.az\/tabiat\/wp-json\/wp\/v2\/pages\/10370\/revisions"}],"predecessor-version":[{"id":10554,"href":"https:\/\/oygib.az\/tabiat\/wp-json\/wp\/v2\/pages\/10370\/revisions\/10554"}],"wp:attachment":[{"href":"https:\/\/oygib.az\/tabiat\/wp-json\/wp\/v2\/media?parent=10370"}],"curies":[{"name":"wp","href":"https:\/\/api.w.org\/{rel}","templated":true}]}}