{"id":10382,"date":"2021-08-27T13:10:12","date_gmt":"2021-08-27T13:10:12","guid":{"rendered":"https:\/\/oygib.az\/tabiat\/?page_id=10382"},"modified":"2021-08-30T11:55:25","modified_gmt":"2021-08-30T11:55:25","slug":"t%c9%99skilat-komandasi","status":"publish","type":"page","link":"https:\/\/oygib.az\/tabiat\/t%c9%99skilat-komandasi\/","title":{"rendered":"T\u0259\u015fkilat Komandas\u0131"},"content":{"rendered":"\t\t<div data-elementor-type=\"wp-page\" data-elementor-id=\"10382\" class=\"elementor elementor-10382\" data-elementor-settings=\"[]\">\n\t\t\t\t\t\t\t<div class=\"elementor-section-wrap\">\n\t\t\t\t\t\t\t<section class=\"elementor-section elementor-top-section elementor-element elementor-element-5102fb1 elementor-section-boxed elementor-section-height-default elementor-section-height-default\" data-id=\"5102fb1\" data-element_type=\"section\">\n\t\t\t\t\t\t<div class=\"elementor-container elementor-column-gap-default\">\n\t\t\t\t\t<div class=\"elementor-column elementor-col-33 elementor-top-column elementor-element elementor-element-71476ae\" data-id=\"71476ae\" data-element_type=\"column\">\n\t\t\t<div class=\"elementor-widget-wrap elementor-element-populated\">\n\t\t\t\t\t\t\t\t<div class=\"elementor-element elementor-element-2c32de6 elementor-position-top elementor-vertical-align-top elementor-widget elementor-widget-image-box\" data-id=\"2c32de6\" data-element_type=\"widget\" data-widget_type=\"image-box.default\">\n\t\t\t\t<div class=\"elementor-widget-container\">\n\t\t\t<div class=\"elementor-image-box-wrapper\"><figure class=\"elementor-image-box-img\"><img width=\"960\" height=\"960\" src=\"https:\/\/oygib.az\/tabiat\/wp-content\/uploads\/2021\/08\/Nigar-x.jpeg\" class=\"attachment-full size-full\" alt=\"\" loading=\"lazy\" srcset=\"https:\/\/oygib.az\/tabiat\/wp-content\/uploads\/2021\/08\/Nigar-x.jpeg 960w, https:\/\/oygib.az\/tabiat\/wp-content\/uploads\/2021\/08\/Nigar-x-300x300.jpeg 300w, https:\/\/oygib.az\/tabiat\/wp-content\/uploads\/2021\/08\/Nigar-x-150x150.jpeg 150w, https:\/\/oygib.az\/tabiat\/wp-content\/uploads\/2021\/08\/Nigar-x-768x768.jpeg 768w, https:\/\/oygib.az\/tabiat\/wp-content\/uploads\/2021\/08\/Nigar-x-95x95.jpeg 95w\" sizes=\"(max-width: 960px) 100vw, 960px\" \/><\/figure><div class=\"elementor-image-box-content\"><h3 class=\"elementor-image-box-title\">Nigar \u018fl\u0259sg\u0259rova<\/h3><p class=\"elementor-image-box-description\">Layih\u0259 r\u0259hb\u0259ri<\/p><\/div><\/div>\t\t<\/div>\n\t\t\t\t<\/div>\n\t\t\t\t\t<\/div>\n\t\t<\/div>\n\t\t\t\t<div class=\"elementor-column elementor-col-33 elementor-top-column elementor-element elementor-element-5b3cdef\" data-id=\"5b3cdef\" data-element_type=\"column\">\n\t\t\t<div class=\"elementor-widget-wrap elementor-element-populated\">\n\t\t\t\t\t\t\t\t<div class=\"elementor-element elementor-element-62fd7ce elementor-position-top elementor-vertical-align-top elementor-widget elementor-widget-image-box\" data-id=\"62fd7ce\" data-element_type=\"widget\" data-widget_type=\"image-box.default\">\n\t\t\t\t<div class=\"elementor-widget-container\">\n\t\t\t<div class=\"elementor-image-box-wrapper\"><figure class=\"elementor-image-box-img\"><img src=\"https:\/\/oygib.az\/tabiat\/wp-content\/uploads\/elementor\/thumbs\/imageedit_5_7399539679-pcdjrhf9twl7eil2rzpya9faln24odi0h86gnmizcw.jpg\" title=\"\" alt=\"\" \/><\/figure><div class=\"elementor-image-box-content\"><h3 class=\"elementor-image-box-title\">Reyhan \u018fliyeva<\/h3><p class=\"elementor-image-box-description\">Layih\u0259 meneceri<\/p><\/div><\/div>\t\t<\/div>\n\t\t\t\t<\/div>\n\t\t\t\t\t<\/div>\n\t\t<\/div>\n\t\t\t\t<div class=\"elementor-column elementor-col-33 elementor-top-column elementor-element elementor-element-3af55e2\" data-id=\"3af55e2\" data-element_type=\"column\">\n\t\t\t<div class=\"elementor-widget-wrap elementor-element-populated\">\n\t\t\t\t\t\t\t\t<div class=\"elementor-element elementor-element-e465b4b elementor-position-top elementor-vertical-align-top elementor-widget elementor-widget-image-box\" data-id=\"e465b4b\" data-element_type=\"widget\" data-widget_type=\"image-box.default\">\n\t\t\t\t<div class=\"elementor-widget-container\">\n\t\t\t<div class=\"elementor-image-box-wrapper\"><figure class=\"elementor-image-box-img\"><img src=\"https:\/\/oygib.az\/tabiat\/wp-content\/uploads\/elementor\/thumbs\/aziz-pcdiqn4zyo5mcq3kwkfd223weyn7zg8r2voci75h8g.jpg\" title=\"\" alt=\"\" \/><\/figure><div class=\"elementor-image-box-content\"><h3 class=\"elementor-image-box-title\">\u018fziz M\u0259mm\u0259dov<\/h3><p class=\"elementor-image-box-description\">Layih\u0259 meneceri<\/p><\/div><\/div>\t\t<\/div>\n\t\t\t\t<\/div>\n\t\t\t\t\t<\/div>\n\t\t<\/div>\n\t\t\t\t\t\t\t<\/div>\n\t\t<\/section>\n\t\t\t\t<section class=\"elementor-section elementor-top-section elementor-element elementor-element-0abcdad elementor-section-boxed elementor-section-height-default elementor-section-height-default\" data-id=\"0abcdad\" data-element_type=\"section\">\n\t\t\t\t\t\t<div class=\"elementor-container elementor-column-gap-default\">\n\t\t\t\t\t<div class=\"elementor-column elementor-col-100 elementor-top-column elementor-element elementor-element-0223461\" data-id=\"0223461\" data-element_type=\"column\">\n\t\t\t<div class=\"elementor-widget-wrap elementor-element-populated\">\n\t\t\t\t\t\t\t\t<div class=\"elementor-element elementor-element-e5b899d elementor-widget-divider--view-line elementor-widget elementor-widget-divider\" data-id=\"e5b899d\" data-element_type=\"widget\" data-widget_type=\"divider.default\">\n\t\t\t\t<div class=\"elementor-widget-container\">\n\t\t\t\t\t<div class=\"elementor-divider\">\n\t\t\t<span class=\"elementor-divider-separator\">\n\t\t\t\t\t\t<\/span>\n\t\t<\/div>\n\t\t\t\t<\/div>\n\t\t\t\t<\/div>\n\t\t\t\t\t<\/div>\n\t\t<\/div>\n\t\t\t\t\t\t\t<\/div>\n\t\t<\/section>\n\t\t\t\t\t\t<\/div>\n\t\t\t\t\t<\/div>\n\t\t","protected":false},"excerpt":{"rendered":"<p>Nigar \u018fl\u0259sg\u0259rova Layih\u0259 r\u0259hb\u0259ri Reyhan \u018fliyeva Layih\u0259 meneceri \u018fziz M\u0259mm\u0259dov Layih\u0259 meneceri<\/p>\n","protected":false},"author":1,"featured_media":0,"parent":0,"menu_order":0,"comment_status":"closed","ping_status":"closed","template":"","meta":[],"yoast_head":"<!-- This site is optimized with the Yoast SEO plugin v17.4 - https:\/\/yoast.com\/wordpress\/plugins\/seo\/ -->\n<title>T\u0259\u015fkilat Komandas\u0131 - T\u00fcrkiy\u0259 Az\u0259rbaycan Birliyinin \u0130nki\u015faf\u0131 Ad\u0131na A\u011fac\u0259km\u0259 T\u0259\u015f\u0259bb\u00fcs\u00fc H\u0259r\u0259kat\u0131<\/title>\n<meta name=\"robots\" content=\"index, follow, max-snippet:-1, max-image-preview:large, max-video-preview:-1\" \/>\n<link rel=\"canonical\" href=\"https:\/\/oygib.az\/tabiat\/t\u0259skilat-komandasi\/\" \/>\n<meta property=\"og:locale\" content=\"en_US\" \/>\n<meta property=\"og:type\" content=\"article\" \/>\n<meta property=\"og:title\" content=\"T\u0259\u015fkilat Komandas\u0131 - T\u00fcrkiy\u0259 Az\u0259rbaycan Birliyinin \u0130nki\u015faf\u0131 Ad\u0131na A\u011fac\u0259km\u0259 T\u0259\u015f\u0259bb\u00fcs\u00fc H\u0259r\u0259kat\u0131\" \/>\n<meta property=\"og:description\" content=\"Nigar \u018fl\u0259sg\u0259rova Layih\u0259 r\u0259hb\u0259ri Reyhan \u018fliyeva Layih\u0259 meneceri \u018fziz M\u0259mm\u0259dov Layih\u0259 meneceri\" \/>\n<meta property=\"og:url\" content=\"https:\/\/oygib.az\/tabiat\/t\u0259skilat-komandasi\/\" \/>\n<meta property=\"og:site_name\" content=\"T\u00fcrkiy\u0259 Az\u0259rbaycan Birliyinin \u0130nki\u015faf\u0131 Ad\u0131na A\u011fac\u0259km\u0259 T\u0259\u015f\u0259bb\u00fcs\u00fc H\u0259r\u0259kat\u0131\" \/>\n<meta property=\"article:publisher\" content=\"https:\/\/www.facebook.com\/odlaryurduyouth\" \/>\n<meta property=\"article:modified_time\" content=\"2021-08-30T11:55:25+00:00\" \/>\n<meta property=\"og:image\" content=\"http:\/\/oygib.az\/tabiat\/wp-content\/uploads\/2021\/08\/Nigar-x.jpeg\" \/>\n<meta name=\"twitter:card\" content=\"summary_large_image\" \/>\n<script type=\"application\/ld+json\" class=\"yoast-schema-graph\">{\"@context\":\"https:\/\/schema.org\",\"@graph\":[{\"@type\":\"Organization\",\"@id\":\"https:\/\/oygib.az\/tabiat\/#organization\",\"name\":\"TAB\\u0130AT H\\u0259r\\u0259kat\\u0131\",\"url\":\"https:\/\/oygib.az\/tabiat\/\",\"sameAs\":[\"https:\/\/www.facebook.com\/odlaryurduyouth\",\"https:\/\/www.instagram.com\/odlaryurduyouth\/\"],\"logo\":{\"@type\":\"ImageObject\",\"@id\":\"https:\/\/oygib.az\/tabiat\/#logo\",\"inLanguage\":\"en-US\",\"url\":\"https:\/\/oygib.az\/tabiat\/wp-content\/uploads\/2021\/08\/photo5208807290457666677.jpg\",\"contentUrl\":\"https:\/\/oygib.az\/tabiat\/wp-content\/uploads\/2021\/08\/photo5208807290457666677.jpg\",\"width\":1280,\"height\":1280,\"caption\":\"TAB\\u0130AT H\\u0259r\\u0259kat\\u0131\"},\"image\":{\"@id\":\"https:\/\/oygib.az\/tabiat\/#logo\"}},{\"@type\":\"WebSite\",\"@id\":\"https:\/\/oygib.az\/tabiat\/#website\",\"url\":\"https:\/\/oygib.az\/tabiat\/\",\"name\":\"T\\u00fcrkiy\\u0259 Az\\u0259rbaycan Birliyinin \\u0130nki\\u015faf\\u0131 Ad\\u0131na A\\u011fac\\u0259km\\u0259 T\\u0259\\u015f\\u0259bb\\u00fcs\\u00fc H\\u0259r\\u0259kat\\u0131\",\"description\":\"T\\u00fcrkiy\\u0259y\\u0259 d\\u0259st\\u0259k Platformas\\u0131\",\"publisher\":{\"@id\":\"https:\/\/oygib.az\/tabiat\/#organization\"},\"potentialAction\":[{\"@type\":\"SearchAction\",\"target\":{\"@type\":\"EntryPoint\",\"urlTemplate\":\"https:\/\/oygib.az\/tabiat\/?s={search_term_string}\"},\"query-input\":\"required name=search_term_string\"}],\"inLanguage\":\"en-US\"},{\"@type\":\"ImageObject\",\"@id\":\"https:\/\/oygib.az\/tabiat\/t%c9%99skilat-komandasi\/#primaryimage\",\"inLanguage\":\"en-US\",\"url\":\"http:\/\/oygib.az\/tabiat\/wp-content\/uploads\/2021\/08\/Nigar-x.jpeg\",\"contentUrl\":\"http:\/\/oygib.az\/tabiat\/wp-content\/uploads\/2021\/08\/Nigar-x.jpeg\"},{\"@type\":\"WebPage\",\"@id\":\"https:\/\/oygib.az\/tabiat\/t%c9%99skilat-komandasi\/#webpage\",\"url\":\"https:\/\/oygib.az\/tabiat\/t%c9%99skilat-komandasi\/\",\"name\":\"T\\u0259\\u015fkilat Komandas\\u0131 - T\\u00fcrkiy\\u0259 Az\\u0259rbaycan Birliyinin \\u0130nki\\u015faf\\u0131 Ad\\u0131na A\\u011fac\\u0259km\\u0259 T\\u0259\\u015f\\u0259bb\\u00fcs\\u00fc H\\u0259r\\u0259kat\\u0131\",\"isPartOf\":{\"@id\":\"https:\/\/oygib.az\/tabiat\/#website\"},\"primaryImageOfPage\":{\"@id\":\"https:\/\/oygib.az\/tabiat\/t%c9%99skilat-komandasi\/#primaryimage\"},\"datePublished\":\"2021-08-27T13:10:12+00:00\",\"dateModified\":\"2021-08-30T11:55:25+00:00\",\"breadcrumb\":{\"@id\":\"https:\/\/oygib.az\/tabiat\/t%c9%99skilat-komandasi\/#breadcrumb\"},\"inLanguage\":\"en-US\",\"potentialAction\":[{\"@type\":\"ReadAction\",\"target\":[\"https:\/\/oygib.az\/tabiat\/t%c9%99skilat-komandasi\/\"]}]},{\"@type\":\"BreadcrumbList\",\"@id\":\"https:\/\/oygib.az\/tabiat\/t%c9%99skilat-komandasi\/#breadcrumb\",\"itemListElement\":[{\"@type\":\"ListItem\",\"position\":1,\"name\":\"Home\",\"item\":\"https:\/\/oygib.az\/tabiat\/\"},{\"@type\":\"ListItem\",\"position\":2,\"name\":\"T\\u0259\\u015fkilat Komandas\\u0131\"}]}]}<\/script>\n<!-- \/ Yoast SEO plugin. -->","yoast_head_json":{"title":"T\u0259\u015fkilat Komandas\u0131 - T\u00fcrkiy\u0259 Az\u0259rbaycan Birliyinin \u0130nki\u015faf\u0131 Ad\u0131na A\u011fac\u0259km\u0259 T\u0259\u015f\u0259bb\u00fcs\u00fc H\u0259r\u0259kat\u0131","robots":{"index":"index","follow":"follow","max-snippet":"max-snippet:-1","max-image-preview":"max-image-preview:large","max-video-preview":"max-video-preview:-1"},"canonical":"https:\/\/oygib.az\/tabiat\/t\u0259skilat-komandasi\/","og_locale":"en_US","og_type":"article","og_title":"T\u0259\u015fkilat Komandas\u0131 - T\u00fcrkiy\u0259 Az\u0259rbaycan Birliyinin \u0130nki\u015faf\u0131 Ad\u0131na A\u011fac\u0259km\u0259 T\u0259\u015f\u0259bb\u00fcs\u00fc H\u0259r\u0259kat\u0131","og_description":"Nigar \u018fl\u0259sg\u0259rova Layih\u0259 r\u0259hb\u0259ri Reyhan \u018fliyeva Layih\u0259 meneceri \u018fziz M\u0259mm\u0259dov Layih\u0259 meneceri","og_url":"https:\/\/oygib.az\/tabiat\/t\u0259skilat-komandasi\/","og_site_name":"T\u00fcrkiy\u0259 Az\u0259rbaycan Birliyinin \u0130nki\u015faf\u0131 Ad\u0131na A\u011fac\u0259km\u0259 T\u0259\u015f\u0259bb\u00fcs\u00fc H\u0259r\u0259kat\u0131","article_publisher":"https:\/\/www.facebook.com\/odlaryurduyouth","article_modified_time":"2021-08-30T11:55:25+00:00","og_image":[{"url":"http:\/\/oygib.az\/tabiat\/wp-content\/uploads\/2021\/08\/Nigar-x.jpeg"}],"twitter_card":"summary_large_image","schema":{"@context":"https:\/\/schema.org","@graph":[{"@type":"Organization","@id":"https:\/\/oygib.az\/tabiat\/#organization","name":"TAB\u0130AT H\u0259r\u0259kat\u0131","url":"https:\/\/oygib.az\/tabiat\/","sameAs":["https:\/\/www.facebook.com\/odlaryurduyouth","https:\/\/www.instagram.com\/odlaryurduyouth\/"],"logo":{"@type":"ImageObject","@id":"https:\/\/oygib.az\/tabiat\/#logo","inLanguage":"en-US","url":"https:\/\/oygib.az\/tabiat\/wp-content\/uploads\/2021\/08\/photo5208807290457666677.jpg","contentUrl":"https:\/\/oygib.az\/tabiat\/wp-content\/uploads\/2021\/08\/photo5208807290457666677.jpg","width":1280,"height":1280,"caption":"TAB\u0130AT H\u0259r\u0259kat\u0131"},"image":{"@id":"https:\/\/oygib.az\/tabiat\/#logo"}},{"@type":"WebSite","@id":"https:\/\/oygib.az\/tabiat\/#website","url":"https:\/\/oygib.az\/tabiat\/","name":"T\u00fcrkiy\u0259 Az\u0259rbaycan Birliyinin \u0130nki\u015faf\u0131 Ad\u0131na A\u011fac\u0259km\u0259 T\u0259\u015f\u0259bb\u00fcs\u00fc H\u0259r\u0259kat\u0131","description":"T\u00fcrkiy\u0259y\u0259 d\u0259st\u0259k Platformas\u0131","publisher":{"@id":"https:\/\/oygib.az\/tabiat\/#organization"},"potentialAction":[{"@type":"SearchAction","target":{"@type":"EntryPoint","urlTemplate":"https:\/\/oygib.az\/tabiat\/?s={search_term_string}"},"query-input":"required name=search_term_string"}],"inLanguage":"en-US"},{"@type":"ImageObject","@id":"https:\/\/oygib.az\/tabiat\/t%c9%99skilat-komandasi\/#primaryimage","inLanguage":"en-US","url":"http:\/\/oygib.az\/tabiat\/wp-content\/uploads\/2021\/08\/Nigar-x.jpeg","contentUrl":"http:\/\/oygib.az\/tabiat\/wp-content\/uploads\/2021\/08\/Nigar-x.jpeg"},{"@type":"WebPage","@id":"https:\/\/oygib.az\/tabiat\/t%c9%99skilat-komandasi\/#webpage","url":"https:\/\/oygib.az\/tabiat\/t%c9%99skilat-komandasi\/","name":"T\u0259\u015fkilat Komandas\u0131 - T\u00fcrkiy\u0259 Az\u0259rbaycan Birliyinin \u0130nki\u015faf\u0131 Ad\u0131na A\u011fac\u0259km\u0259 T\u0259\u015f\u0259bb\u00fcs\u00fc H\u0259r\u0259kat\u0131","isPartOf":{"@id":"https:\/\/oygib.az\/tabiat\/#website"},"primaryImageOfPage":{"@id":"https:\/\/oygib.az\/tabiat\/t%c9%99skilat-komandasi\/#primaryimage"},"datePublished":"2021-08-27T13:10:12+00:00","dateModified":"2021-08-30T11:55:25+00:00","breadcrumb":{"@id":"https:\/\/oygib.az\/tabiat\/t%c9%99skilat-komandasi\/#breadcrumb"},"inLanguage":"en-US","potentialAction":[{"@type":"ReadAction","target":["https:\/\/oygib.az\/tabiat\/t%c9%99skilat-komandasi\/"]}]},{"@type":"BreadcrumbList","@id":"https:\/\/oygib.az\/tabiat\/t%c9%99skilat-komandasi\/#breadcrumb","itemListElement":[{"@type":"ListItem","position":1,"name":"Home","item":"https:\/\/oygib.az\/tabiat\/"},{"@type":"ListItem","position":2,"name":"T\u0259\u015fkilat Komandas\u0131"}]}]}},"_links":{"self":[{"href":"https:\/\/oygib.az\/tabiat\/wp-json\/wp\/v2\/pages\/10382"}],"collection":[{"href":"https:\/\/oygib.az\/tabiat\/wp-json\/wp\/v2\/pages"}],"about":[{"href":"https:\/\/oygib.az\/tabiat\/wp-json\/wp\/v2\/types\/page"}],"author":[{"embeddable":true,"href":"https:\/\/oygib.az\/tabiat\/wp-json\/wp\/v2\/users\/1"}],"replies":[{"embeddable":true,"href":"https:\/\/oygib.az\/tabiat\/wp-json\/wp\/v2\/comments?post=10382"}],"version-history":[{"count":58,"href":"https:\/\/oygib.az\/tabiat\/wp-json\/wp\/v2\/pages\/10382\/revisions"}],"predecessor-version":[{"id":10463,"href":"https:\/\/oygib.az\/tabiat\/wp-json\/wp\/v2\/pages\/10382\/revisions\/10463"}],"wp:attachment":[{"href":"https:\/\/oygib.az\/tabiat\/wp-json\/wp\/v2\/media?parent=10382"}],"curies":[{"name":"wp","href":"https:\/\/api.w.org\/{rel}","templated":true}]}}