{"id":9609,"date":"2014-06-10T12:25:34","date_gmt":"2014-06-10T12:25:34","guid":{"rendered":"http:\/\/ecorecycle.premiumcoding.com\/?page_id=9609"},"modified":"2021-10-25T16:00:55","modified_gmt":"2021-10-25T16:00:55","slug":"esas-sehife","status":"publish","type":"page","link":"https:\/\/oygib.az\/tabiat\/","title":{"rendered":"\u018fSAS S\u018fH\u0130F\u018f"},"content":{"rendered":"<img src=\"https:\/\/oygib.az\/tabiat\/wp-content\/uploads\/2013\/12\/cropped-1234.png\" class=\"ss-hidden-pin-image\" alt=\"\" data-pin-url=\"https:\/\/oygib.az\/tabiat\/\" data-pin-media=\"https:\/\/oygib.az\/tabiat\/wp-content\/uploads\/2013\/12\/cropped-1234.png\" data-pin-description=\"\u018fSAS S\u018fH\u0130F\u018f\"\/>","protected":false},"excerpt":{"rendered":"<img src=\"https:\/\/oygib.az\/tabiat\/wp-content\/uploads\/2013\/12\/cropped-1234.png\" class=\"ss-hidden-pin-image\" alt=\"\" data-pin-url=\"https:\/\/oygib.az\/tabiat\/\" data-pin-media=\"https:\/\/oygib.az\/tabiat\/wp-content\/uploads\/2013\/12\/cropped-1234.png\" data-pin-description=\"\u018fSAS S\u018fH\u0130F\u018f\"\/>","protected":false},"author":1,"featured_media":10471,"parent":0,"menu_order":0,"comment_status":"open","ping_status":"closed","template":"template-page_builder.php","meta":[],"yoast_head":"<!-- This site is optimized with the Yoast SEO plugin v17.4 - https:\/\/yoast.com\/wordpress\/plugins\/seo\/ -->\n<title>\u018fSAS S\u018fH\u0130F\u018f - T\u00fcrkiy\u0259 Az\u0259rbaycan Birliyinin \u0130nki\u015faf\u0131 Ad\u0131na A\u011fac\u0259km\u0259 T\u0259\u015f\u0259bb\u00fcs\u00fc H\u0259r\u0259kat\u0131<\/title>\n<meta name=\"robots\" content=\"index, follow, max-snippet:-1, max-image-preview:large, max-video-preview:-1\" \/>\n<link rel=\"canonical\" href=\"https:\/\/oygib.az\/tabiat\/\" \/>\n<meta property=\"og:locale\" content=\"en_US\" \/>\n<meta property=\"og:type\" content=\"article\" \/>\n<meta property=\"og:title\" content=\"\u018fSAS S\u018fH\u0130F\u018f - T\u00fcrkiy\u0259 Az\u0259rbaycan Birliyinin \u0130nki\u015faf\u0131 Ad\u0131na A\u011fac\u0259km\u0259 T\u0259\u015f\u0259bb\u00fcs\u00fc H\u0259r\u0259kat\u0131\" \/>\n<meta property=\"og:url\" content=\"https:\/\/oygib.az\/tabiat\/\" \/>\n<meta property=\"og:site_name\" content=\"T\u00fcrkiy\u0259 Az\u0259rbaycan Birliyinin \u0130nki\u015faf\u0131 Ad\u0131na A\u011fac\u0259km\u0259 T\u0259\u015f\u0259bb\u00fcs\u00fc H\u0259r\u0259kat\u0131\" \/>\n<meta property=\"article:publisher\" content=\"https:\/\/www.facebook.com\/odlaryurduyouth\" \/>\n<meta property=\"article:modified_time\" content=\"2021-10-25T16:00:55+00:00\" \/>\n<meta property=\"og:image\" content=\"https:\/\/oygib.az\/tabiat\/wp-content\/uploads\/2013\/12\/cropped-1234.png\" \/>\n\t<meta property=\"og:image:width\" content=\"512\" \/>\n\t<meta property=\"og:image:height\" content=\"512\" \/>\n<meta name=\"twitter:card\" content=\"summary_large_image\" \/>\n<script type=\"application\/ld+json\" class=\"yoast-schema-graph\">{\"@context\":\"https:\/\/schema.org\",\"@graph\":[{\"@type\":\"Organization\",\"@id\":\"https:\/\/oygib.az\/tabiat\/#organization\",\"name\":\"TAB\\u0130AT H\\u0259r\\u0259kat\\u0131\",\"url\":\"https:\/\/oygib.az\/tabiat\/\",\"sameAs\":[\"https:\/\/www.facebook.com\/odlaryurduyouth\",\"https:\/\/www.instagram.com\/odlaryurduyouth\/\"],\"logo\":{\"@type\":\"ImageObject\",\"@id\":\"https:\/\/oygib.az\/tabiat\/#logo\",\"inLanguage\":\"en-US\",\"url\":\"https:\/\/oygib.az\/tabiat\/wp-content\/uploads\/2021\/08\/photo5208807290457666677.jpg\",\"contentUrl\":\"https:\/\/oygib.az\/tabiat\/wp-content\/uploads\/2021\/08\/photo5208807290457666677.jpg\",\"width\":1280,\"height\":1280,\"caption\":\"TAB\\u0130AT H\\u0259r\\u0259kat\\u0131\"},\"image\":{\"@id\":\"https:\/\/oygib.az\/tabiat\/#logo\"}},{\"@type\":\"WebSite\",\"@id\":\"https:\/\/oygib.az\/tabiat\/#website\",\"url\":\"https:\/\/oygib.az\/tabiat\/\",\"name\":\"T\\u00fcrkiy\\u0259 Az\\u0259rbaycan Birliyinin \\u0130nki\\u015faf\\u0131 Ad\\u0131na A\\u011fac\\u0259km\\u0259 T\\u0259\\u015f\\u0259bb\\u00fcs\\u00fc H\\u0259r\\u0259kat\\u0131\",\"description\":\"T\\u00fcrkiy\\u0259y\\u0259 d\\u0259st\\u0259k Platformas\\u0131\",\"publisher\":{\"@id\":\"https:\/\/oygib.az\/tabiat\/#organization\"},\"potentialAction\":[{\"@type\":\"SearchAction\",\"target\":{\"@type\":\"EntryPoint\",\"urlTemplate\":\"https:\/\/oygib.az\/tabiat\/?s={search_term_string}\"},\"query-input\":\"required name=search_term_string\"}],\"inLanguage\":\"en-US\"},{\"@type\":\"ImageObject\",\"@id\":\"https:\/\/oygib.az\/tabiat\/#primaryimage\",\"inLanguage\":\"en-US\",\"url\":\"https:\/\/oygib.az\/tabiat\/wp-content\/uploads\/2013\/12\/cropped-1234.png\",\"contentUrl\":\"https:\/\/oygib.az\/tabiat\/wp-content\/uploads\/2013\/12\/cropped-1234.png\",\"width\":512,\"height\":512},{\"@type\":\"WebPage\",\"@id\":\"https:\/\/oygib.az\/tabiat\/#webpage\",\"url\":\"https:\/\/oygib.az\/tabiat\/\",\"name\":\"\\u018fSAS S\\u018fH\\u0130F\\u018f - T\\u00fcrkiy\\u0259 Az\\u0259rbaycan Birliyinin \\u0130nki\\u015faf\\u0131 Ad\\u0131na A\\u011fac\\u0259km\\u0259 T\\u0259\\u015f\\u0259bb\\u00fcs\\u00fc H\\u0259r\\u0259kat\\u0131\",\"isPartOf\":{\"@id\":\"https:\/\/oygib.az\/tabiat\/#website\"},\"primaryImageOfPage\":{\"@id\":\"https:\/\/oygib.az\/tabiat\/#primaryimage\"},\"datePublished\":\"2014-06-10T12:25:34+00:00\",\"dateModified\":\"2021-10-25T16:00:55+00:00\",\"breadcrumb\":{\"@id\":\"https:\/\/oygib.az\/tabiat\/#breadcrumb\"},\"inLanguage\":\"en-US\",\"potentialAction\":[{\"@type\":\"ReadAction\",\"target\":[\"https:\/\/oygib.az\/tabiat\/\"]}]},{\"@type\":\"BreadcrumbList\",\"@id\":\"https:\/\/oygib.az\/tabiat\/#breadcrumb\",\"itemListElement\":[{\"@type\":\"ListItem\",\"position\":1,\"name\":\"Home\",\"item\":\"https:\/\/oygib.az\/tabiat\/\"},{\"@type\":\"ListItem\",\"position\":2,\"name\":\"\\u018fSAS S\\u018fH\\u0130F\\u018f\"}]}]}<\/script>\n<!-- \/ Yoast SEO plugin. -->","yoast_head_json":{"title":"\u018fSAS S\u018fH\u0130F\u018f - T\u00fcrkiy\u0259 Az\u0259rbaycan Birliyinin \u0130nki\u015faf\u0131 Ad\u0131na A\u011fac\u0259km\u0259 T\u0259\u015f\u0259bb\u00fcs\u00fc H\u0259r\u0259kat\u0131","robots":{"index":"index","follow":"follow","max-snippet":"max-snippet:-1","max-image-preview":"max-image-preview:large","max-video-preview":"max-video-preview:-1"},"canonical":"https:\/\/oygib.az\/tabiat\/","og_locale":"en_US","og_type":"article","og_title":"\u018fSAS S\u018fH\u0130F\u018f - T\u00fcrkiy\u0259 Az\u0259rbaycan Birliyinin \u0130nki\u015faf\u0131 Ad\u0131na A\u011fac\u0259km\u0259 T\u0259\u015f\u0259bb\u00fcs\u00fc H\u0259r\u0259kat\u0131","og_url":"https:\/\/oygib.az\/tabiat\/","og_site_name":"T\u00fcrkiy\u0259 Az\u0259rbaycan Birliyinin \u0130nki\u015faf\u0131 Ad\u0131na A\u011fac\u0259km\u0259 T\u0259\u015f\u0259bb\u00fcs\u00fc H\u0259r\u0259kat\u0131","article_publisher":"https:\/\/www.facebook.com\/odlaryurduyouth","article_modified_time":"2021-10-25T16:00:55+00:00","og_image":[{"width":512,"height":512,"url":"https:\/\/oygib.az\/tabiat\/wp-content\/uploads\/2013\/12\/cropped-1234.png","type":"image\/png"}],"twitter_card":"summary_large_image","schema":{"@context":"https:\/\/schema.org","@graph":[{"@type":"Organization","@id":"https:\/\/oygib.az\/tabiat\/#organization","name":"TAB\u0130AT H\u0259r\u0259kat\u0131","url":"https:\/\/oygib.az\/tabiat\/","sameAs":["https:\/\/www.facebook.com\/odlaryurduyouth","https:\/\/www.instagram.com\/odlaryurduyouth\/"],"logo":{"@type":"ImageObject","@id":"https:\/\/oygib.az\/tabiat\/#logo","inLanguage":"en-US","url":"https:\/\/oygib.az\/tabiat\/wp-content\/uploads\/2021\/08\/photo5208807290457666677.jpg","contentUrl":"https:\/\/oygib.az\/tabiat\/wp-content\/uploads\/2021\/08\/photo5208807290457666677.jpg","width":1280,"height":1280,"caption":"TAB\u0130AT H\u0259r\u0259kat\u0131"},"image":{"@id":"https:\/\/oygib.az\/tabiat\/#logo"}},{"@type":"WebSite","@id":"https:\/\/oygib.az\/tabiat\/#website","url":"https:\/\/oygib.az\/tabiat\/","name":"T\u00fcrkiy\u0259 Az\u0259rbaycan Birliyinin \u0130nki\u015faf\u0131 Ad\u0131na A\u011fac\u0259km\u0259 T\u0259\u015f\u0259bb\u00fcs\u00fc H\u0259r\u0259kat\u0131","description":"T\u00fcrkiy\u0259y\u0259 d\u0259st\u0259k Platformas\u0131","publisher":{"@id":"https:\/\/oygib.az\/tabiat\/#organization"},"potentialAction":[{"@type":"SearchAction","target":{"@type":"EntryPoint","urlTemplate":"https:\/\/oygib.az\/tabiat\/?s={search_term_string}"},"query-input":"required name=search_term_string"}],"inLanguage":"en-US"},{"@type":"ImageObject","@id":"https:\/\/oygib.az\/tabiat\/#primaryimage","inLanguage":"en-US","url":"https:\/\/oygib.az\/tabiat\/wp-content\/uploads\/2013\/12\/cropped-1234.png","contentUrl":"https:\/\/oygib.az\/tabiat\/wp-content\/uploads\/2013\/12\/cropped-1234.png","width":512,"height":512},{"@type":"WebPage","@id":"https:\/\/oygib.az\/tabiat\/#webpage","url":"https:\/\/oygib.az\/tabiat\/","name":"\u018fSAS S\u018fH\u0130F\u018f - T\u00fcrkiy\u0259 Az\u0259rbaycan Birliyinin \u0130nki\u015faf\u0131 Ad\u0131na A\u011fac\u0259km\u0259 T\u0259\u015f\u0259bb\u00fcs\u00fc H\u0259r\u0259kat\u0131","isPartOf":{"@id":"https:\/\/oygib.az\/tabiat\/#website"},"primaryImageOfPage":{"@id":"https:\/\/oygib.az\/tabiat\/#primaryimage"},"datePublished":"2014-06-10T12:25:34+00:00","dateModified":"2021-10-25T16:00:55+00:00","breadcrumb":{"@id":"https:\/\/oygib.az\/tabiat\/#breadcrumb"},"inLanguage":"en-US","potentialAction":[{"@type":"ReadAction","target":["https:\/\/oygib.az\/tabiat\/"]}]},{"@type":"BreadcrumbList","@id":"https:\/\/oygib.az\/tabiat\/#breadcrumb","itemListElement":[{"@type":"ListItem","position":1,"name":"Home","item":"https:\/\/oygib.az\/tabiat\/"},{"@type":"ListItem","position":2,"name":"\u018fSAS S\u018fH\u0130F\u018f"}]}]}},"_links":{"self":[{"href":"https:\/\/oygib.az\/tabiat\/wp-json\/wp\/v2\/pages\/9609"}],"collection":[{"href":"https:\/\/oygib.az\/tabiat\/wp-json\/wp\/v2\/pages"}],"about":[{"href":"https:\/\/oygib.az\/tabiat\/wp-json\/wp\/v2\/types\/page"}],"author":[{"embeddable":true,"href":"https:\/\/oygib.az\/tabiat\/wp-json\/wp\/v2\/users\/1"}],"replies":[{"embeddable":true,"href":"https:\/\/oygib.az\/tabiat\/wp-json\/wp\/v2\/comments?post=9609"}],"version-history":[{"count":3,"href":"https:\/\/oygib.az\/tabiat\/wp-json\/wp\/v2\/pages\/9609\/revisions"}],"predecessor-version":[{"id":10565,"href":"https:\/\/oygib.az\/tabiat\/wp-json\/wp\/v2\/pages\/9609\/revisions\/10565"}],"wp:featuredmedia":[{"embeddable":true,"href":"https:\/\/oygib.az\/tabiat\/wp-json\/wp\/v2\/media\/10471"}],"wp:attachment":[{"href":"https:\/\/oygib.az\/tabiat\/wp-json\/wp\/v2\/media?parent=9609"}],"curies":[{"name":"wp","href":"https:\/\/api.w.org\/{rel}","templated":true}]}}